{"id":1758,"date":"2023-05-05T11:20:37","date_gmt":"2023-05-05T09:20:37","guid":{"rendered":"https:\/\/www.dalessi.nl\/sobre-dalessi\/"},"modified":"2024-04-12T16:28:53","modified_gmt":"2024-04-12T14:28:53","slug":"sobre-dalessi","status":"publish","type":"page","link":"https:\/\/www.dalessi.nl\/pt-pt\/sobre-dalessi\/","title":{"rendered":"Sobre Dalessi"},"content":{"rendered":"\n\n   \n   <section class=\"hero p-section-md | bg-brand-neutral-blue-light min-h-[40vh] lg:min-h-[50vh]\">\n\n      <!-- BACKGROUND IMAGE & GRADIENT -->\n               <img loading=\"lazy\" decoding=\"async\" width=\"1920\" height=\"1080\" src=\"https:\/\/www.dalessi.nl\/wp-content\/smush-webp\/2023\/08\/Dalessi-Contact-Building-20230606-_DSC6480-1920x1080.jpg.webp\" class=\"absolute top-0 left-0 w-full h-full object-cover img-fluid\" alt=\"\" \/>         <div class=\"absolute top-0 left-0 z-10 w-full h-full bg-gradient-to-b from-brand-secondary to-transparent opacity-60\"><\/div>\n      \n      <div class=\"container relative z-20\">\n         <p id=\"breadcrumbs\"><span><span><a href=\"https:\/\/www.dalessi.nl\/pt-pt\/\"><i class=\"fa-solid fa-house\"><\/i><\/a><\/span><\/span><\/p>         <h1 class=\"mt-4 mb-2 text-white\">Sobre Dalessi<\/h1>\n         <div class=\"lg:w-3\/4 lg:text-xl text-white\"><p>Desde que Rene Dalessi fundou a empresa em 1991, temos vindo a aumentar o nosso alcance e capacidades no transporte rodovi\u00e1rio e por ferry em toda a Europa Ocidental &#8211; desde a Alemanha, Holanda e B\u00e9lgica at\u00e9 ao Reino Unido e vice-versa. Mais de 30 anos depois, o filho de Ren\u00e9, Nick, dirige agora a Dalessi International BV e supervisiona uma enorme frota de reboques e cami\u00f5es topo de gama que servem mais de 8 pa\u00edses, aos quais se juntaram a Irlanda e Portugal nos \u00faltimos anos.<\/p>\n<\/div>\n      <\/div>\n      \n   <\/section>\n\n\n<section id=\"block-section-block_3d5d9c5c95fe8c180d542f456ce8d87e\" class=\"block-section dalessi-block p-section-md alignfull wp-block-acf-section\">\n   <div class=\"container\">\n      <div class=\"inner-blocks\">\n         <div class=\"acf-innerblocks-container\">\n\n<p>A Dalessi \u00e9 uma das maiores empresas de transporte de carga n\u00e3o acompanhada a operar no Reino Unido, com 500 reboques XL e 80 cami\u00f5es pr\u00f3prios, para al\u00e9m de 130 condutores subcontratados atrav\u00e9s da Dalessi Polska, que tem dois escrit\u00f3rios na Pol\u00f3nia.<\/p>\n\n\n\n<p>Desde que Nick Dalessi adquiriu a empresa em 2020, as opera\u00e7\u00f5es continuam a crescer com um foco inabal\u00e1vel na fiabilidade e pontualidade do servi\u00e7o. Com linhas de reporte curtas e equipas pequenas e dedicadas, permanecemos \u00e1geis e proactivos &#8211; empenhados em dizer &#8220;sim&#8221; a qualquer desafio de log\u00edstica de transportes e permanecer at\u00e9 que o trabalho esteja conclu\u00eddo.<\/p>\n\n<\/div>      <\/div>\n   <\/div>\n<\/section>\n<section id=\"block-section-block_3d5d9c5c95fe8c180d542f456ce8d87e\" class=\"block-section dalessi-block p-section-md alignfull wp-block-acf-section\">\n   <div class=\"container\">\n      <div class=\"inner-blocks\">\n         <div class=\"acf-innerblocks-container\">\n\n<figure class=\"wp-block-image size-large\"><img decoding=\"async\" src=\"https:\/\/www.dalessi.nl\/wp-content\/smush-webp\/2024\/02\/Dalessi-Haven_rotterdam-20230622-DJI_0515-1024x632.jpg.webp\" alt=\"\" class=\"wp-image-618 img-fluid\"\/><\/figure>\n\n\n\n<h2 class=\"wp-block-heading\">Como trabalhamos<\/h2>\n\n\n\n<p>Toda a nossa carga de ferry \u00e9 encaminhada atrav\u00e9s do porto de Roterd\u00e3o, nos Pa\u00edses Baixos, com liga\u00e7\u00e3o aos portos brit\u00e2nicos de Felixstowe, Purfleet e Immingham\/Killingholme, ao porto de Leix\u00f5es, em Portugal, e ao porto de Dublin, na Irlanda. Uma vez recolhida e carregada em seguran\u00e7a nos nossos reboques, a carga \u00e9 expedida sem acompanhamento atrav\u00e9s de rotas di\u00e1rias de ferry. Um &#8220;rebocador&#8221; retira os reboques dos navios de carga e armazena-os em seguran\u00e7a na zona ISPS do porto, antes de serem recolhidos por um cami\u00e3o e um motorista da Dalessi para serem transportados por estrada. V\u00e1rias vezes por dia, os nossos reboques s\u00e3o carregados e descarregados de ferries de carga em ambas as direc\u00e7\u00f5es.<\/p>\n\n<\/div>      <\/div>\n   <\/div>\n<\/section>\n<section id=\"block-image-text-block_5542d1219978860c7a538d59e443ccee\" class=\"block-image-text dalessi-block p-section-lg alignfull wp-block-acf-image-text\">\n\n   <div class=\"top-0 object-cover h-full md:absolute md:w-1\/2 right-0\">\n\n      \n          <!-- BACKGROUND IMAGE -->\n         <img loading=\"lazy\" decoding=\"async\" width=\"1920\" height=\"1280\" src=\"https:\/\/www.dalessi.nl\/wp-content\/smush-webp\/2024\/04\/Dalessi-Transport-Ferry_trailer-20230622-_DSC7386-1920x1280.jpg.webp\" class=\"object-cover w-full h-full img-fluid\" alt=\"\" srcset=\"https:\/\/www.dalessi.nl\/wp-content\/smush-webp\/2024\/04\/Dalessi-Transport-Ferry_trailer-20230622-_DSC7386-1920x1280.jpg.webp 1920w, https:\/\/www.dalessi.nl\/wp-content\/smush-webp\/2024\/04\/Dalessi-Transport-Ferry_trailer-20230622-_DSC7386-450x300.jpg.webp 450w, https:\/\/www.dalessi.nl\/wp-content\/smush-webp\/2024\/04\/Dalessi-Transport-Ferry_trailer-20230622-_DSC7386-768x512.jpg.webp 768w, https:\/\/www.dalessi.nl\/wp-content\/smush-webp\/2024\/04\/Dalessi-Transport-Ferry_trailer-20230622-_DSC7386-1536x1024.jpg.webp 1536w, https:\/\/www.dalessi.nl\/wp-content\/smush-webp\/2024\/04\/Dalessi-Transport-Ferry_trailer-20230622-_DSC7386-2048x1365.jpg.webp 2048w\" sizes=\"auto, (max-width: 1920px) 100vw, 1920px\" \/>\n      \n      <img decoding=\"async\" src=\"https:\/\/www.dalessi.nl\/wp-content\/themes\/dalessi\/assets\/img\/wave.svg\" loading=\"lazy\" class=\"absolute hidden md:block top-8 left-0 -translate-x-1\/2 img-fluid\">\n      <img decoding=\"async\" src=\"https:\/\/www.dalessi.nl\/wp-content\/themes\/dalessi\/assets\/img\/wave.svg\" loading=\"lazy\" class=\"absolute hidden md:block top-24 left-0 translate-x-1\/4 img-fluid\">\n   <\/div>\n\n   <div class=\"container flex\">\n      <div class=\"md:w-1\/2 p-section-md md:pr-12 xl:pr-24\">\n         <div class=\"p-8 -mt-20 rounded-md bg-brand-neutral-grey-light inner-blocks md:mt-0 md:rounded-none md:bg-transparent md:p-0\">\n            <div class=\"acf-innerblocks-container\">\n\n<h2 class=\"wp-block-heading\">Carga mar\u00edtima eficiente<\/h2>\n\n\n\n<p>A nossa opera\u00e7\u00e3o 24 horas por dia para o transporte de carga de e para a Europa \u00e9 uma das formas mais econ\u00f3micas, eficientes e ambientalmente sustent\u00e1veis de importar e exportar mercadorias. Para manter as coisas assim, o nosso princ\u00edpio operacional fundamental \u00e9 sempre a Carga Total do Reboque (FTL).<\/p>\n\n<\/div>         <\/div>\n      <\/div>\n   <\/div>\n<\/section>\n<section id=\"block-image-text-block_5923ddfe269031c05462e6d27ed09e04\" class=\"block-image-text dalessi-block p-section-lg alignfull wp-block-acf-image-text\">\n\n   <div class=\"top-0 object-cover h-full md:absolute md:w-1\/2 left-0\">\n\n      \n          <!-- BACKGROUND IMAGE -->\n         <img loading=\"lazy\" decoding=\"async\" width=\"1920\" height=\"1280\" src=\"https:\/\/www.dalessi.nl\/wp-content\/smush-webp\/2024\/04\/Dalessi-Transport-Trailer_loading-20230622-_DSC7250-1920x1280.jpg.webp\" class=\"object-cover w-full h-full img-fluid\" alt=\"\" srcset=\"https:\/\/www.dalessi.nl\/wp-content\/smush-webp\/2024\/04\/Dalessi-Transport-Trailer_loading-20230622-_DSC7250-1920x1280.jpg.webp 1920w, https:\/\/www.dalessi.nl\/wp-content\/smush-webp\/2024\/04\/Dalessi-Transport-Trailer_loading-20230622-_DSC7250-450x300.jpg.webp 450w, https:\/\/www.dalessi.nl\/wp-content\/smush-webp\/2024\/04\/Dalessi-Transport-Trailer_loading-20230622-_DSC7250-768x512.jpg.webp 768w, https:\/\/www.dalessi.nl\/wp-content\/smush-webp\/2024\/04\/Dalessi-Transport-Trailer_loading-20230622-_DSC7250-1536x1024.jpg.webp 1536w, https:\/\/www.dalessi.nl\/wp-content\/smush-webp\/2024\/04\/Dalessi-Transport-Trailer_loading-20230622-_DSC7250-2048x1365.jpg.webp 2048w\" sizes=\"auto, (max-width: 1920px) 100vw, 1920px\" \/>\n      \n      <img decoding=\"async\" src=\"https:\/\/www.dalessi.nl\/wp-content\/themes\/dalessi\/assets\/img\/wave.svg\" loading=\"lazy\" class=\"absolute hidden md:block top-8 right-0 translate-x-1\/2 img-fluid\">\n      <img decoding=\"async\" src=\"https:\/\/www.dalessi.nl\/wp-content\/themes\/dalessi\/assets\/img\/wave.svg\" loading=\"lazy\" class=\"absolute hidden md:block top-24 right-0 -translate-x-1\/4 img-fluid\">\n   <\/div>\n\n   <div class=\"container flex\">\n      <div class=\"md:w-1\/2 p-section-md md:pl-12 xl:pl-24 ml-auto\">\n         <div class=\"p-8 -mt-20 rounded-md bg-brand-neutral-grey-light inner-blocks md:mt-0 md:rounded-none md:bg-transparent md:p-0\">\n            <div class=\"acf-innerblocks-container\">\n\n<h2 class=\"wp-block-heading\">Envio fi\u00e1vel, seguro e de confian\u00e7a<\/h2>\n\n\n\n<p>Os nossos envios chegam ao local certo \u00e0 hora acordada. Na eventualidade improv\u00e1vel de surgir um problema, n\u00f3s sabemo-lo. Os sistemas de localiza\u00e7\u00e3o por GPS em todos os nossos reboques e ve\u00edculos, juntamente com a comunica\u00e7\u00e3o cont\u00ednua entre os nossos motoristas e a equipa de planeamento, significam que sabemos exatamente onde se encontra a nossa carga a qualquer hora do dia.<\/p>\n\n<\/div>         <\/div>\n      <\/div>\n   <\/div>\n<\/section>\n<section id=\"block-share-block_91d31a904fb6034f6abc84679dbcdb96\" class=\"block-share dalessi-block p-section-md alignfull wp-block-acf-share\">\n   <div class=\"container\">\n      <div class=\"share | md:py-4 md:px-12 bg-transparent md:bg-brand-neutral-blue-medium rounded-full flex-col md:flex-row flex items-center w-full md:w-fit mx-auto gap-x-8 gap-y-2\">\n         <span class=\"h4 !text-brand-primary uppercase\">Deel deze pagina<\/span>\n         <div class=\"socials | inline-flex gap-2\">\n            <a href=\"https:\/\/www.facebook.com\/sharer.php?u=https:\/\/www.dalessi.nl\/pt-pt\/sobre-dalessi\/\" class=\"w-[44px] h-[44px] flex items-center justify-center text-white bg-brand-primary rounded-full text-base transition-color duration-200 hover:bg-brand-secondary\"><i class=\"fa-brands fa-facebook-f\"><\/i><\/a>\n            <a href=\"http:\/\/www.linkedin.com\/shareArticle?url=https:\/\/www.dalessi.nl\/pt-pt\/sobre-dalessi\/\" target=\"_blank\" class=\"w-[44px] h-[44px] flex items-center justify-center text-white bg-brand-primary rounded-full text-base transition-color duration-200 hover:bg-brand-secondary\"><i class=\"fa-brands fa-linkedin-in\"><\/i><\/a>\n            <a href=\"#\" class=\"w-[44px] h-[44px] flex items-center justify-center text-white bg-brand-primary rounded-full text-base transition-color duration-200 hover:bg-brand-secondary\"><i class=\"fa-brands fa-whatsapp\"><\/i><\/a>\n            <a href=\"mailto:%7Bemail_address%7D?subject=&#038;body=%20https:\/\/www.dalessi.nl\/pt-pt\/sobre-dalessi\/\" target=\"_blank\" class=\"w-[44px] h-[44px] flex items-center justify-center text-white bg-brand-primary rounded-full text-base transition-color duration-200 hover:bg-brand-secondary\"><i class=\"fa-solid fa-envelope\"><\/i><\/a>\n         <\/div>\n      <\/div>\n   <\/div>\n<\/section>\n<section id=\"block-cta-block_385d25638ea29db9b80862b192800c23\" class=\"block-cta dalessi-block call-to-action p-section-md bg-brand-neutral-blue-medium alignfull wp-block-acf-cta\">\n   <div class=\"container flex flex-col items-center gap-x-24 gap-y-4 md:flex-row\">\n      <div class=\"w-1\/3 md:w-1\/4\">\n         <img loading=\"lazy\" decoding=\"async\" width=\"1\" height=\"1\" src=\"https:\/\/www.dalessi.nl\/wp-content\/uploads\/2024\/04\/Dalessi-Internationaal-black.svg\" class=\"object-cover w-full h-full img-fluid\" alt=\"\" data-no-image-dimensions=\"1\" \/>      <\/div>\n      <div class=\"flex flex-col gap-4 md:w-3\/4\">\n         <div class=\"text-center inner-blocks md:text-left\">\n            <div class=\"acf-innerblocks-container\">\n\n<h2 class=\"wp-block-heading\">Contactar-nos<\/h2>\n\n\n\n<p class=\"has-text-align-left has-primary-color has-text-color has-link-color wp-elements-6a1ef1ada4469e8f5035ab1ca85e6867\"><strong>Ficaremos muito felizes em ouvi-lo!<\/strong><\/p>\n\n\n\n<p><\/p>\n\n\n\n<div class=\"wp-block-buttons is-layout-flex wp-block-buttons-is-layout-flex\">\n<div class=\"wp-block-button is-style-fill\"><a class=\"wp-block-button__link wp-element-button\">Pedir um or\u00e7amento<\/a><\/div>\n\n\n\n<div class=\"wp-block-button is-style-fill\"><a class=\"wp-block-button__link wp-element-button\">Contactar-nos<\/a><\/div>\n\n\n\n<div class=\"wp-block-button is-style-outline is-style-outline--1\"><a class=\"wp-block-button__link wp-element-button\">Contacto<\/a><\/div>\n<\/div>\n\n<\/div>         <\/div>\n      <\/div>\n   <\/div>\n<\/section>","protected":false},"excerpt":{"rendered":"<p>Desde que Rene Dalessi fundou a empresa em 1991, temos vindo a aumentar o nosso alcance e capacidades no transporte rodovi\u00e1rio e por ferry em toda a Europa Ocidental &#8211; desde a Alemanha, Holanda e B\u00e9lgica at\u00e9 ao Reino Unido e vice-versa. Mais de 30 anos depois, o filho de Ren\u00e9, Nick, dirige agora a Dalessi International BV e supervisiona uma enorme frota de reboques e cami\u00f5es topo de gama que servem mais de 8 pa\u00edses, aos quais se juntaram a Irlanda e Portugal nos \u00faltimos anos.<\/p>\n","protected":false},"author":1,"featured_media":1735,"parent":0,"menu_order":0,"comment_status":"closed","ping_status":"closed","template":"","meta":{"_acf_changed":false,"footnotes":""},"class_list":["post-1758","page","type-page","status-publish","has-post-thumbnail","hentry"],"acf":[],"yoast_head":"<!-- This site is optimized with the Yoast SEO plugin v27.3 - https:\/\/yoast.com\/product\/yoast-seo-wordpress\/ -->\n<title>Sobre Dalessi - Dalessi<\/title>\n<meta name=\"robots\" content=\"index, follow, max-snippet:-1, max-image-preview:large, max-video-preview:-1\" \/>\n<link rel=\"canonical\" href=\"https:\/\/www.dalessi.nl\/pt-pt\/sobre-dalessi\/\" \/>\n<meta property=\"og:locale\" content=\"pt_PT\" \/>\n<meta property=\"og:type\" content=\"article\" \/>\n<meta property=\"og:title\" content=\"Sobre Dalessi - Dalessi\" \/>\n<meta property=\"og:description\" content=\"Desde que Rene Dalessi fundou a empresa em 1991, temos vindo a aumentar o nosso alcance e capacidades no transporte rodovi\u00e1rio e por ferry em toda a Europa Ocidental - desde a Alemanha, Holanda e B\u00e9lgica at\u00e9 ao Reino Unido e vice-versa. Mais de 30 anos depois, o filho de Ren\u00e9, Nick, dirige agora a Dalessi International BV e supervisiona uma enorme frota de reboques e cami\u00f5es topo de gama que servem mais de 8 pa\u00edses, aos quais se juntaram a Irlanda e Portugal nos \u00faltimos anos.\" \/>\n<meta property=\"og:url\" content=\"https:\/\/www.dalessi.nl\/pt-pt\/sobre-dalessi\/\" \/>\n<meta property=\"og:site_name\" content=\"Dalessi\" \/>\n<meta property=\"article:modified_time\" content=\"2024-04-12T14:28:53+00:00\" \/>\n<meta property=\"og:image\" content=\"https:\/\/www.dalessi.nl\/wp-content\/uploads\/2023\/08\/Dalessi-Contact-Building-20230606-_DSC6480.jpg\" \/>\n\t<meta property=\"og:image:width\" content=\"2048\" \/>\n\t<meta property=\"og:image:height\" content=\"1365\" \/>\n\t<meta property=\"og:image:type\" content=\"image\/jpeg\" \/>\n<meta name=\"twitter:card\" content=\"summary_large_image\" \/>\n<meta name=\"twitter:label1\" content=\"Tempo estimado de leitura\" \/>\n\t<meta name=\"twitter:data1\" content=\"2 minutos\" \/>\n<script type=\"application\/ld+json\" class=\"yoast-schema-graph\">{\"@context\":\"https:\\\/\\\/schema.org\",\"@graph\":[{\"@type\":\"WebPage\",\"@id\":\"https:\\\/\\\/www.dalessi.nl\\\/pt-pt\\\/sobre-dalessi\\\/\",\"url\":\"https:\\\/\\\/www.dalessi.nl\\\/pt-pt\\\/sobre-dalessi\\\/\",\"name\":\"Sobre Dalessi - Dalessi\",\"isPartOf\":{\"@id\":\"https:\\\/\\\/www.dalessi.nl\\\/pt-pt\\\/#website\"},\"primaryImageOfPage\":{\"@id\":\"https:\\\/\\\/www.dalessi.nl\\\/pt-pt\\\/sobre-dalessi\\\/#primaryimage\"},\"image\":{\"@id\":\"https:\\\/\\\/www.dalessi.nl\\\/pt-pt\\\/sobre-dalessi\\\/#primaryimage\"},\"thumbnailUrl\":\"https:\\\/\\\/www.dalessi.nl\\\/wp-content\\\/uploads\\\/2023\\\/08\\\/Dalessi-Contact-Building-20230606-_DSC6480.jpg\",\"datePublished\":\"2023-05-05T09:20:37+00:00\",\"dateModified\":\"2024-04-12T14:28:53+00:00\",\"breadcrumb\":{\"@id\":\"https:\\\/\\\/www.dalessi.nl\\\/pt-pt\\\/sobre-dalessi\\\/#breadcrumb\"},\"inLanguage\":\"pt-PT\",\"potentialAction\":[{\"@type\":\"ReadAction\",\"target\":[\"https:\\\/\\\/www.dalessi.nl\\\/pt-pt\\\/sobre-dalessi\\\/\"]}]},{\"@type\":\"ImageObject\",\"inLanguage\":\"pt-PT\",\"@id\":\"https:\\\/\\\/www.dalessi.nl\\\/pt-pt\\\/sobre-dalessi\\\/#primaryimage\",\"url\":\"https:\\\/\\\/www.dalessi.nl\\\/wp-content\\\/uploads\\\/2023\\\/08\\\/Dalessi-Contact-Building-20230606-_DSC6480.jpg\",\"contentUrl\":\"https:\\\/\\\/www.dalessi.nl\\\/wp-content\\\/uploads\\\/2023\\\/08\\\/Dalessi-Contact-Building-20230606-_DSC6480.jpg\",\"width\":2048,\"height\":1365},{\"@type\":\"BreadcrumbList\",\"@id\":\"https:\\\/\\\/www.dalessi.nl\\\/pt-pt\\\/sobre-dalessi\\\/#breadcrumb\",\"itemListElement\":[{\"@type\":\"ListItem\",\"position\":1,\"name\":\"\",\"item\":\"https:\\\/\\\/www.dalessi.nl\\\/pt-pt\\\/\"},{\"@type\":\"ListItem\",\"position\":2,\"name\":\"Sobre Dalessi\"}]},{\"@type\":\"WebSite\",\"@id\":\"https:\\\/\\\/www.dalessi.nl\\\/pt-pt\\\/#website\",\"url\":\"https:\\\/\\\/www.dalessi.nl\\\/pt-pt\\\/\",\"name\":\"Dalessi\",\"description\":\"Ferry very good!\",\"potentialAction\":[{\"@type\":\"SearchAction\",\"target\":{\"@type\":\"EntryPoint\",\"urlTemplate\":\"https:\\\/\\\/www.dalessi.nl\\\/pt-pt\\\/?s={search_term_string}\"},\"query-input\":{\"@type\":\"PropertyValueSpecification\",\"valueRequired\":true,\"valueName\":\"search_term_string\"}}],\"inLanguage\":\"pt-PT\"}]}<\/script>\n<!-- \/ Yoast SEO plugin. -->","yoast_head_json":{"title":"Sobre Dalessi - Dalessi","robots":{"index":"index","follow":"follow","max-snippet":"max-snippet:-1","max-image-preview":"max-image-preview:large","max-video-preview":"max-video-preview:-1"},"canonical":"https:\/\/www.dalessi.nl\/pt-pt\/sobre-dalessi\/","og_locale":"pt_PT","og_type":"article","og_title":"Sobre Dalessi - Dalessi","og_description":"Desde que Rene Dalessi fundou a empresa em 1991, temos vindo a aumentar o nosso alcance e capacidades no transporte rodovi\u00e1rio e por ferry em toda a Europa Ocidental - desde a Alemanha, Holanda e B\u00e9lgica at\u00e9 ao Reino Unido e vice-versa. Mais de 30 anos depois, o filho de Ren\u00e9, Nick, dirige agora a Dalessi International BV e supervisiona uma enorme frota de reboques e cami\u00f5es topo de gama que servem mais de 8 pa\u00edses, aos quais se juntaram a Irlanda e Portugal nos \u00faltimos anos.","og_url":"https:\/\/www.dalessi.nl\/pt-pt\/sobre-dalessi\/","og_site_name":"Dalessi","article_modified_time":"2024-04-12T14:28:53+00:00","og_image":[{"width":2048,"height":1365,"url":"https:\/\/www.dalessi.nl\/wp-content\/uploads\/2023\/08\/Dalessi-Contact-Building-20230606-_DSC6480.jpg","type":"image\/jpeg"}],"twitter_card":"summary_large_image","twitter_misc":{"Tempo estimado de leitura":"2 minutos"},"schema":{"@context":"https:\/\/schema.org","@graph":[{"@type":"WebPage","@id":"https:\/\/www.dalessi.nl\/pt-pt\/sobre-dalessi\/","url":"https:\/\/www.dalessi.nl\/pt-pt\/sobre-dalessi\/","name":"Sobre Dalessi - Dalessi","isPartOf":{"@id":"https:\/\/www.dalessi.nl\/pt-pt\/#website"},"primaryImageOfPage":{"@id":"https:\/\/www.dalessi.nl\/pt-pt\/sobre-dalessi\/#primaryimage"},"image":{"@id":"https:\/\/www.dalessi.nl\/pt-pt\/sobre-dalessi\/#primaryimage"},"thumbnailUrl":"https:\/\/www.dalessi.nl\/wp-content\/uploads\/2023\/08\/Dalessi-Contact-Building-20230606-_DSC6480.jpg","datePublished":"2023-05-05T09:20:37+00:00","dateModified":"2024-04-12T14:28:53+00:00","breadcrumb":{"@id":"https:\/\/www.dalessi.nl\/pt-pt\/sobre-dalessi\/#breadcrumb"},"inLanguage":"pt-PT","potentialAction":[{"@type":"ReadAction","target":["https:\/\/www.dalessi.nl\/pt-pt\/sobre-dalessi\/"]}]},{"@type":"ImageObject","inLanguage":"pt-PT","@id":"https:\/\/www.dalessi.nl\/pt-pt\/sobre-dalessi\/#primaryimage","url":"https:\/\/www.dalessi.nl\/wp-content\/uploads\/2023\/08\/Dalessi-Contact-Building-20230606-_DSC6480.jpg","contentUrl":"https:\/\/www.dalessi.nl\/wp-content\/uploads\/2023\/08\/Dalessi-Contact-Building-20230606-_DSC6480.jpg","width":2048,"height":1365},{"@type":"BreadcrumbList","@id":"https:\/\/www.dalessi.nl\/pt-pt\/sobre-dalessi\/#breadcrumb","itemListElement":[{"@type":"ListItem","position":1,"name":"","item":"https:\/\/www.dalessi.nl\/pt-pt\/"},{"@type":"ListItem","position":2,"name":"Sobre Dalessi"}]},{"@type":"WebSite","@id":"https:\/\/www.dalessi.nl\/pt-pt\/#website","url":"https:\/\/www.dalessi.nl\/pt-pt\/","name":"Dalessi","description":"Ferry very good!","potentialAction":[{"@type":"SearchAction","target":{"@type":"EntryPoint","urlTemplate":"https:\/\/www.dalessi.nl\/pt-pt\/?s={search_term_string}"},"query-input":{"@type":"PropertyValueSpecification","valueRequired":true,"valueName":"search_term_string"}}],"inLanguage":"pt-PT"}]}},"_links":{"self":[{"href":"https:\/\/www.dalessi.nl\/pt-pt\/wp-json\/wp\/v2\/pages\/1758","targetHints":{"allow":["GET"]}}],"collection":[{"href":"https:\/\/www.dalessi.nl\/pt-pt\/wp-json\/wp\/v2\/pages"}],"about":[{"href":"https:\/\/www.dalessi.nl\/pt-pt\/wp-json\/wp\/v2\/types\/page"}],"author":[{"embeddable":true,"href":"https:\/\/www.dalessi.nl\/pt-pt\/wp-json\/wp\/v2\/users\/1"}],"replies":[{"embeddable":true,"href":"https:\/\/www.dalessi.nl\/pt-pt\/wp-json\/wp\/v2\/comments?post=1758"}],"version-history":[{"count":1,"href":"https:\/\/www.dalessi.nl\/pt-pt\/wp-json\/wp\/v2\/pages\/1758\/revisions"}],"predecessor-version":[{"id":1785,"href":"https:\/\/www.dalessi.nl\/pt-pt\/wp-json\/wp\/v2\/pages\/1758\/revisions\/1785"}],"wp:featuredmedia":[{"embeddable":true,"href":"https:\/\/www.dalessi.nl\/pt-pt\/wp-json\/wp\/v2\/media\/1735"}],"wp:attachment":[{"href":"https:\/\/www.dalessi.nl\/pt-pt\/wp-json\/wp\/v2\/media?parent=1758"}],"curies":[{"name":"wp","href":"https:\/\/api.w.org\/{rel}","templated":true}]}}