{"id":1754,"date":"2023-05-05T11:20:46","date_gmt":"2023-05-05T09:20:46","guid":{"rendered":"https:\/\/www.dalessi.nl\/a-nossa-equipa\/"},"modified":"2025-06-11T11:39:47","modified_gmt":"2025-06-11T09:39:47","slug":"a-nossa-equipa","status":"publish","type":"page","link":"https:\/\/www.dalessi.nl\/pt-pt\/a-nossa-equipa\/","title":{"rendered":"A NOSSA EQUIPA"},"content":{"rendered":"\n\n   \n   <section class=\"hero p-section-md | bg-brand-neutral-blue-light min-h-[40vh] lg:min-h-[50vh]\">\n\n      <!-- BACKGROUND IMAGE & GRADIENT -->\n               <img loading=\"lazy\" decoding=\"async\" width=\"1920\" height=\"1080\" src=\"https:\/\/www.dalessi.nl\/wp-content\/smush-webp\/2024\/02\/Dalessi-About-20230606-_DSC6290-1920x1080.jpg.webp\" class=\"absolute top-0 left-0 w-full h-full object-cover img-fluid\" alt=\"\" \/>         <div class=\"absolute top-0 left-0 z-10 w-full h-full bg-gradient-to-b from-brand-secondary to-transparent opacity-60\"><\/div>\n      \n      <div class=\"container relative z-20\">\n         <p id=\"breadcrumbs\"><span><span><a href=\"https:\/\/www.dalessi.nl\/pt-pt\/\"><i class=\"fa-solid fa-house\"><\/i><\/a><\/span><\/span><\/p>         <h1 class=\"mt-4 mb-2 text-white\">A NOSSA EQUIPA<\/h1>\n         <div class=\"lg:w-3\/4 lg:text-xl text-white\"><p>Sediada na nossa sede em IJhorst, Pa\u00edses Baixos, a Dalessi International Transport BV \u00e9 uma equipa de especialistas em log\u00edstica de transportes, felizes e trabalhadores. Para n\u00f3s, o servi\u00e7o \u00e9 pessoal e orgulhamo-nos de manter a sua carga a andar na dire\u00e7\u00e3o certa, todos os dias.<\/p>\n<\/div>\n      <\/div>\n      \n   <\/section>\n\n\n\n\n<section id=\"block-image-text-block_ef351ec564d9f4f75d59902ecc6fa6b6\" class=\"block-image-text dalessi-block p-section-lg alignfull wp-block-acf-image-text\">\n\n   <div class=\"top-0 object-cover h-full md:absolute md:w-1\/2 right-0\">\n\n      \n          <!-- BACKGROUND IMAGE -->\n         <img loading=\"lazy\" decoding=\"async\" width=\"1920\" height=\"1280\" src=\"https:\/\/www.dalessi.nl\/wp-content\/smush-webp\/2024\/04\/Dalessi-About-20230606-_DSC6246-1920x1280.jpg.webp\" class=\"object-cover w-full h-full img-fluid\" alt=\"\" srcset=\"https:\/\/www.dalessi.nl\/wp-content\/smush-webp\/2024\/04\/Dalessi-About-20230606-_DSC6246-1920x1280.jpg.webp 1920w, https:\/\/www.dalessi.nl\/wp-content\/smush-webp\/2024\/04\/Dalessi-About-20230606-_DSC6246-450x300.jpg.webp 450w, https:\/\/www.dalessi.nl\/wp-content\/smush-webp\/2024\/04\/Dalessi-About-20230606-_DSC6246-768x512.jpg.webp 768w, https:\/\/www.dalessi.nl\/wp-content\/smush-webp\/2024\/04\/Dalessi-About-20230606-_DSC6246-1536x1024.jpg.webp 1536w, https:\/\/www.dalessi.nl\/wp-content\/smush-webp\/2024\/04\/Dalessi-About-20230606-_DSC6246.jpg.webp 2048w\" sizes=\"auto, (max-width: 1920px) 100vw, 1920px\" \/>\n      \n      <img decoding=\"async\" src=\"https:\/\/www.dalessi.nl\/wp-content\/themes\/dalessi\/assets\/img\/wave.svg\" loading=\"lazy\" class=\"absolute hidden md:block top-8 left-0 -translate-x-1\/2 img-fluid\">\n      <img decoding=\"async\" src=\"https:\/\/www.dalessi.nl\/wp-content\/themes\/dalessi\/assets\/img\/wave.svg\" loading=\"lazy\" class=\"absolute hidden md:block top-24 left-0 translate-x-1\/4 img-fluid\">\n   <\/div>\n\n   <div class=\"container flex\">\n      <div class=\"md:w-1\/2 p-section-md md:pr-12 xl:pr-24\">\n         <div class=\"p-8 -mt-20 rounded-md bg-brand-neutral-grey-light inner-blocks md:mt-0 md:rounded-none md:bg-transparent md:p-0\">\n            <div class=\"acf-innerblocks-container\">\n\n<h2 class=\"wp-block-heading\">Planeamento e opera\u00e7\u00f5es comerciais<\/h2>\n\n\n\n<h3 class=\"wp-block-heading has-normal-font-size\">Ex Alemanha\/Pa\u00edses Baixos\/B\u00e9lgica<\/h3>\n\n\n\n<p>Para discutir o envio da sua carga da Alemanha\/Pa\u00edses Baixos\/B\u00e9lgica\/Dinamarca\/Pol\u00f3nia para o Reino Unido\/Irlanda\/Portugal, contacte:<\/p>\n\n\n\n<p>Karel: <a href=\"mailto:Karel@dalessi.nl\">Karel@dalessi.nl<\/a><\/p>\n\n\n\n<p>Artur: artur@dalessipolska.pl<\/p>\n\n\n\n<p>Lee Brimelow: lee@dalessi.nl <\/p>\n\n\n\n<p>\u2014\u2014<\/p>\n\n\n\n<h3 class=\"wp-block-heading has-normal-font-size\">Reino Unido\/Portugal<\/h3>\n\n\n\n<p>Para discutir a continua\u00e7\u00e3o do transporte da sua carga a partir do Reino Unido e de Portugal, contacte-nos:<\/p>\n\n\n\n<p>Sander (UK North): <a href=\"mailto:Sander@dalessi.nl\">Sander@dalessi.nl<\/a><\/p>\n\n\n\n<p>Roland (UK South\/Ireland): <a href=\"mailto:Roland@dalessi.nl\">Roland@dalessi.nl<\/a><\/p>\n\n\n\n<p>Lee Howard (UK): lhoward@dalessi.nl <\/p>\n\n<\/div>         <\/div>\n      <\/div>\n   <\/div>\n<\/section>\n\n\n<section id=\"block-image-text-block_642c27634fe49df28eed663d86b10a00\" class=\"block-image-text dalessi-block p-section-lg alignfull wp-block-acf-image-text has-background has-grey-light-background-color\">\n\n   <div class=\"top-0 object-cover h-full md:absolute md:w-1\/2 left-0\">\n\n      \n          <!-- BACKGROUND IMAGE -->\n         <img loading=\"lazy\" decoding=\"async\" width=\"1920\" height=\"1280\" src=\"https:\/\/www.dalessi.nl\/wp-content\/smush-webp\/2024\/04\/Dalessi-Douane-1920x1280.jpg.webp\" class=\"object-cover w-full h-full img-fluid\" alt=\"\" srcset=\"https:\/\/www.dalessi.nl\/wp-content\/smush-webp\/2024\/04\/Dalessi-Douane-1920x1280.jpg.webp 1920w, https:\/\/www.dalessi.nl\/wp-content\/smush-webp\/2024\/04\/Dalessi-Douane-450x300.jpg.webp 450w, https:\/\/www.dalessi.nl\/wp-content\/smush-webp\/2024\/04\/Dalessi-Douane-768x512.jpg.webp 768w, https:\/\/www.dalessi.nl\/wp-content\/smush-webp\/2024\/04\/Dalessi-Douane-1536x1024.jpg.webp 1536w, https:\/\/www.dalessi.nl\/wp-content\/smush-webp\/2024\/04\/Dalessi-Douane-2048x1365.jpg.webp 2048w\" sizes=\"auto, (max-width: 1920px) 100vw, 1920px\" \/>\n      \n      <img decoding=\"async\" src=\"https:\/\/www.dalessi.nl\/wp-content\/themes\/dalessi\/assets\/img\/wave.svg\" loading=\"lazy\" class=\"absolute hidden md:block top-8 right-0 translate-x-1\/2 img-fluid\">\n      <img decoding=\"async\" src=\"https:\/\/www.dalessi.nl\/wp-content\/themes\/dalessi\/assets\/img\/wave.svg\" loading=\"lazy\" class=\"absolute hidden md:block top-24 right-0 -translate-x-1\/4 img-fluid\">\n   <\/div>\n\n   <div class=\"container flex\">\n      <div class=\"md:w-1\/2 p-section-md md:pl-12 xl:pl-24 ml-auto\">\n         <div class=\"p-8 -mt-20 rounded-md bg-brand-neutral-grey-light inner-blocks md:mt-0 md:rounded-none md:bg-transparent md:p-0\">\n            <div class=\"acf-innerblocks-container\">\n\n<h2 class=\"wp-block-heading\">Servi\u00e7o ao cliente e alf\u00e2ndegas<\/h2>\n\n\n\n<p>Para quest\u00f5es gerais sobre os seus envios, contacte:<\/p>\n\n\n\n<p>Winnie: winnie<a href=\"mailto:Been@dalessi.nl\">@dalessi.nl<\/a><\/p>\n\n\n\n<p>Douane: <a href=\"mailto:customs@dalessi.nl\"><\/a><a href=\"mailto:customs@dalessi.nl\">customs@dalessi.nl<\/a><\/p>\n\n<\/div>         <\/div>\n      <\/div>\n   <\/div>\n<\/section>\n\n\n<section id=\"block-image-text-block_5c2bad54ff0ff875eb1358311be319ba\" class=\"block-image-text dalessi-block p-section-lg alignfull wp-block-acf-image-text has-background has-white-background-color\">\n\n   <div class=\"top-0 object-cover h-full md:absolute md:w-1\/2 right-0\">\n\n      \n          <!-- BACKGROUND IMAGE -->\n         <img loading=\"lazy\" decoding=\"async\" width=\"1920\" height=\"1280\" src=\"https:\/\/www.dalessi.nl\/wp-content\/smush-webp\/2024\/04\/Dalessi-Boekghouding-1920x1280.jpg.webp\" class=\"object-cover w-full h-full img-fluid\" alt=\"\" srcset=\"https:\/\/www.dalessi.nl\/wp-content\/smush-webp\/2024\/04\/Dalessi-Boekghouding-1920x1280.jpg.webp 1920w, https:\/\/www.dalessi.nl\/wp-content\/smush-webp\/2024\/04\/Dalessi-Boekghouding-450x300.jpg.webp 450w, https:\/\/www.dalessi.nl\/wp-content\/smush-webp\/2024\/04\/Dalessi-Boekghouding-768x512.jpg.webp 768w, https:\/\/www.dalessi.nl\/wp-content\/smush-webp\/2024\/04\/Dalessi-Boekghouding-1536x1024.jpg.webp 1536w, https:\/\/www.dalessi.nl\/wp-content\/smush-webp\/2024\/04\/Dalessi-Boekghouding.jpg.webp 2048w\" sizes=\"auto, (max-width: 1920px) 100vw, 1920px\" \/>\n      \n      <img decoding=\"async\" src=\"https:\/\/www.dalessi.nl\/wp-content\/themes\/dalessi\/assets\/img\/wave.svg\" loading=\"lazy\" class=\"absolute hidden md:block top-8 left-0 -translate-x-1\/2 img-fluid\">\n      <img decoding=\"async\" src=\"https:\/\/www.dalessi.nl\/wp-content\/themes\/dalessi\/assets\/img\/wave.svg\" loading=\"lazy\" class=\"absolute hidden md:block top-24 left-0 translate-x-1\/4 img-fluid\">\n   <\/div>\n\n   <div class=\"container flex\">\n      <div class=\"md:w-1\/2 p-section-md md:pr-12 xl:pr-24\">\n         <div class=\"p-8 -mt-20 rounded-md bg-brand-neutral-grey-light inner-blocks md:mt-0 md:rounded-none md:bg-transparent md:p-0\">\n            <div class=\"acf-innerblocks-container\">\n\n<h2 class=\"wp-block-heading\">Transporte de mercadorias<\/h2>\n\n\n\n<p>Para discutir o envio da sua carga dos Pa\u00edses Baixos para a Alemanha, Pol\u00f3nia, Dinamarca e Su\u00e9cia, contacte-nos:<\/p>\n\n\n\n<p>Rick: <a href=\"mailto:Rick@dalessi.nl\">Rick@dalessi.nl<\/a><\/p>\n\n\n\n<p>Ren\u00e9: Been<a href=\"mailto:Jorrit@dalessi.nl\">@dalessi.nl<\/a><\/p>\n\n\n\n<p>Wim: Wim@dalessi.nl  <\/p>\n\n\n\n<p>Luca: Luca@dalessi.nl  <\/p>\n\n<\/div>         <\/div>\n      <\/div>\n   <\/div>\n<\/section>\n\n\n<section id=\"block-image-text-block_d189e639e05530a4def31edfe5203a02\" class=\"block-image-text dalessi-block p-section-lg alignfull wp-block-acf-image-text has-background has-white-background-color\">\n\n   <div class=\"top-0 object-cover h-full md:absolute md:w-1\/2 left-0\">\n\n      \n          <!-- BACKGROUND IMAGE -->\n         <img loading=\"lazy\" decoding=\"async\" width=\"1920\" height=\"1280\" src=\"https:\/\/www.dalessi.nl\/wp-content\/smush-webp\/2024\/02\/Dalessi-Expiditie-1920x1280.jpg.webp\" class=\"object-cover w-full h-full img-fluid\" alt=\"\" srcset=\"https:\/\/www.dalessi.nl\/wp-content\/smush-webp\/2024\/02\/Dalessi-Expiditie-1920x1280.jpg.webp 1920w, https:\/\/www.dalessi.nl\/wp-content\/smush-webp\/2024\/02\/Dalessi-Expiditie-450x300.jpg.webp 450w, https:\/\/www.dalessi.nl\/wp-content\/smush-webp\/2024\/02\/Dalessi-Expiditie-768x512.jpg.webp 768w, https:\/\/www.dalessi.nl\/wp-content\/smush-webp\/2024\/02\/Dalessi-Expiditie-1536x1024.jpg.webp 1536w, https:\/\/www.dalessi.nl\/wp-content\/smush-webp\/2024\/02\/Dalessi-Expiditie-300x200.jpg.webp 300w, https:\/\/www.dalessi.nl\/wp-content\/smush-webp\/2024\/02\/Dalessi-Expiditie-1024x683.jpg.webp 1024w, https:\/\/www.dalessi.nl\/wp-content\/smush-webp\/2024\/02\/Dalessi-Expiditie.jpg.webp 2048w\" sizes=\"auto, (max-width: 1920px) 100vw, 1920px\" \/>\n      \n      <img decoding=\"async\" src=\"https:\/\/www.dalessi.nl\/wp-content\/themes\/dalessi\/assets\/img\/wave.svg\" loading=\"lazy\" class=\"absolute hidden md:block top-8 right-0 translate-x-1\/2 img-fluid\">\n      <img decoding=\"async\" src=\"https:\/\/www.dalessi.nl\/wp-content\/themes\/dalessi\/assets\/img\/wave.svg\" loading=\"lazy\" class=\"absolute hidden md:block top-24 right-0 -translate-x-1\/4 img-fluid\">\n   <\/div>\n\n   <div class=\"container flex\">\n      <div class=\"md:w-1\/2 p-section-md md:pl-12 xl:pl-24 ml-auto\">\n         <div class=\"p-8 -mt-20 rounded-md bg-brand-neutral-grey-light inner-blocks md:mt-0 md:rounded-none md:bg-transparent md:p-0\">\n            <div class=\"acf-innerblocks-container\">\n\n<h2 class=\"wp-block-heading\">Contabilidade<\/h2>\n\n\n\n<p>Para quest\u00f5es financeiras, pagamentos, POD e FD, contactar um membro da equipa de contabilidade atrav\u00e9s do seguinte n\u00famero:<\/p>\n\n\n\n<div class=\"wp-block-buttons is-layout-flex wp-block-buttons-is-layout-flex\">\n<div class=\"wp-block-button is-style-outline is-style-outline--1\"><a class=\"wp-block-button__link wp-element-button\" href=\"mailto:administratie@dalessi.nl\">administratie@dalessi.nl <\/a><\/div>\n<\/div>\n\n\n\n<p>Klaas (FD)<\/p>\n\n\n\n<p>Tina<\/p>\n\n\n\n<p>Corien<\/p>\n\n\n\n<p>Eva-Helena<\/p>\n\n\n\n<p>Caitlin<\/p>\n\n\n\n<p>Cassidy<\/p>\n\n<\/div>         <\/div>\n      <\/div>\n   <\/div>\n<\/section>\n\n\n<section id=\"block-image-text-block_28c1bcbe5b879313c0872ecc3cc47f45\" class=\"block-image-text dalessi-block p-section-lg alignfull wp-block-acf-image-text\">\n\n   <div class=\"top-0 object-cover h-full md:absolute md:w-1\/2 right-0\">\n\n      \n          <!-- BACKGROUND IMAGE -->\n         <img loading=\"lazy\" decoding=\"async\" width=\"1920\" height=\"1280\" src=\"https:\/\/www.dalessi.nl\/wp-content\/smush-webp\/2024\/04\/Dalessi-Transport-Kantoor-01-20230606-_DSC6344-1920x1280.jpg.webp\" class=\"object-cover w-full h-full img-fluid\" alt=\"\" srcset=\"https:\/\/www.dalessi.nl\/wp-content\/smush-webp\/2024\/04\/Dalessi-Transport-Kantoor-01-20230606-_DSC6344-1920x1280.jpg.webp 1920w, https:\/\/www.dalessi.nl\/wp-content\/smush-webp\/2024\/04\/Dalessi-Transport-Kantoor-01-20230606-_DSC6344-450x300.jpg.webp 450w, https:\/\/www.dalessi.nl\/wp-content\/smush-webp\/2024\/04\/Dalessi-Transport-Kantoor-01-20230606-_DSC6344-768x512.jpg.webp 768w, https:\/\/www.dalessi.nl\/wp-content\/smush-webp\/2024\/04\/Dalessi-Transport-Kantoor-01-20230606-_DSC6344-1536x1024.jpg.webp 1536w, https:\/\/www.dalessi.nl\/wp-content\/smush-webp\/2024\/04\/Dalessi-Transport-Kantoor-01-20230606-_DSC6344.jpg.webp 2048w\" sizes=\"auto, (max-width: 1920px) 100vw, 1920px\" \/>\n      \n      <img decoding=\"async\" src=\"https:\/\/www.dalessi.nl\/wp-content\/themes\/dalessi\/assets\/img\/wave.svg\" loading=\"lazy\" class=\"absolute hidden md:block top-8 left-0 -translate-x-1\/2 img-fluid\">\n      <img decoding=\"async\" src=\"https:\/\/www.dalessi.nl\/wp-content\/themes\/dalessi\/assets\/img\/wave.svg\" loading=\"lazy\" class=\"absolute hidden md:block top-24 left-0 translate-x-1\/4 img-fluid\">\n   <\/div>\n\n   <div class=\"container flex\">\n      <div class=\"md:w-1\/2 p-section-md md:pr-12 xl:pr-24\">\n         <div class=\"p-8 -mt-20 rounded-md bg-brand-neutral-grey-light inner-blocks md:mt-0 md:rounded-none md:bg-transparent md:p-0\">\n            <div class=\"acf-innerblocks-container\">\n\n<h2 class=\"wp-block-heading\">Gest\u00e3o<\/h2>\n\n\n\n<p>Para quest\u00f5es comerciais, contactar:<\/p>\n\n\n\n<p>Nick: <a href=\"mailto:Nick@dalessi.nl\">Nick@dalessi.nl<\/a><\/p>\n\n\n\n<p>Gavin: <a href=\"mailto:Gavin@dalessi.nl\">Gavin@dalessi.nl<\/a><\/p>\n\n<\/div>         <\/div>\n      <\/div>\n   <\/div>\n<\/section>","protected":false},"excerpt":{"rendered":"<p>Sediada na nossa sede em IJhorst, Pa\u00edses Baixos, a Dalessi International Transport BV \u00e9 uma equipa de especialistas em log\u00edstica de transportes, felizes e trabalhadores. Para n\u00f3s, o servi\u00e7o \u00e9 pessoal e orgulhamo-nos de manter a sua carga a andar na dire\u00e7\u00e3o certa, todos os dias.<\/p>\n","protected":false},"author":1,"featured_media":1679,"parent":0,"menu_order":0,"comment_status":"closed","ping_status":"closed","template":"","meta":{"_acf_changed":false,"footnotes":""},"class_list":["post-1754","page","type-page","status-publish","has-post-thumbnail","hentry"],"acf":[],"yoast_head":"<!-- This site is optimized with the Yoast SEO plugin v27.5 - https:\/\/yoast.com\/product\/yoast-seo-wordpress\/ -->\n<title>A NOSSA EQUIPA - Dalessi<\/title>\n<meta name=\"robots\" content=\"index, follow, max-snippet:-1, max-image-preview:large, max-video-preview:-1\" \/>\n<link rel=\"canonical\" href=\"https:\/\/www.dalessi.nl\/pt-pt\/a-nossa-equipa\/\" \/>\n<meta property=\"og:locale\" content=\"pt_PT\" \/>\n<meta property=\"og:type\" content=\"article\" \/>\n<meta property=\"og:title\" content=\"A NOSSA EQUIPA - Dalessi\" \/>\n<meta property=\"og:description\" content=\"Sediada na nossa sede em IJhorst, Pa\u00edses Baixos, a Dalessi International Transport BV \u00e9 uma equipa de especialistas em log\u00edstica de transportes, felizes e trabalhadores. Para n\u00f3s, o servi\u00e7o \u00e9 pessoal e orgulhamo-nos de manter a sua carga a andar na dire\u00e7\u00e3o certa, todos os dias.\" \/>\n<meta property=\"og:url\" content=\"https:\/\/www.dalessi.nl\/pt-pt\/a-nossa-equipa\/\" \/>\n<meta property=\"og:site_name\" content=\"Dalessi\" \/>\n<meta property=\"article:modified_time\" content=\"2025-06-11T09:39:47+00:00\" \/>\n<meta property=\"og:image\" content=\"https:\/\/www.dalessi.nl\/wp-content\/uploads\/2024\/02\/Dalessi-About-20230606-_DSC6290.jpg\" \/>\n\t<meta property=\"og:image:width\" content=\"2048\" \/>\n\t<meta property=\"og:image:height\" content=\"1365\" \/>\n\t<meta property=\"og:image:type\" content=\"image\/jpeg\" \/>\n<meta name=\"twitter:card\" content=\"summary_large_image\" \/>\n<meta name=\"twitter:label1\" content=\"Tempo estimado de leitura\" \/>\n\t<meta name=\"twitter:data1\" content=\"1 minuto\" \/>\n<script type=\"application\/ld+json\" class=\"yoast-schema-graph\">{\"@context\":\"https:\\\/\\\/schema.org\",\"@graph\":[{\"@type\":\"WebPage\",\"@id\":\"https:\\\/\\\/www.dalessi.nl\\\/pt-pt\\\/a-nossa-equipa\\\/\",\"url\":\"https:\\\/\\\/www.dalessi.nl\\\/pt-pt\\\/a-nossa-equipa\\\/\",\"name\":\"A NOSSA EQUIPA - Dalessi\",\"isPartOf\":{\"@id\":\"https:\\\/\\\/www.dalessi.nl\\\/pt-pt\\\/#website\"},\"primaryImageOfPage\":{\"@id\":\"https:\\\/\\\/www.dalessi.nl\\\/pt-pt\\\/a-nossa-equipa\\\/#primaryimage\"},\"image\":{\"@id\":\"https:\\\/\\\/www.dalessi.nl\\\/pt-pt\\\/a-nossa-equipa\\\/#primaryimage\"},\"thumbnailUrl\":\"https:\\\/\\\/www.dalessi.nl\\\/wp-content\\\/uploads\\\/2024\\\/02\\\/Dalessi-About-20230606-_DSC6290.jpg\",\"datePublished\":\"2023-05-05T09:20:46+00:00\",\"dateModified\":\"2025-06-11T09:39:47+00:00\",\"breadcrumb\":{\"@id\":\"https:\\\/\\\/www.dalessi.nl\\\/pt-pt\\\/a-nossa-equipa\\\/#breadcrumb\"},\"inLanguage\":\"pt-PT\",\"potentialAction\":[{\"@type\":\"ReadAction\",\"target\":[\"https:\\\/\\\/www.dalessi.nl\\\/pt-pt\\\/a-nossa-equipa\\\/\"]}]},{\"@type\":\"ImageObject\",\"inLanguage\":\"pt-PT\",\"@id\":\"https:\\\/\\\/www.dalessi.nl\\\/pt-pt\\\/a-nossa-equipa\\\/#primaryimage\",\"url\":\"https:\\\/\\\/www.dalessi.nl\\\/wp-content\\\/uploads\\\/2024\\\/02\\\/Dalessi-About-20230606-_DSC6290.jpg\",\"contentUrl\":\"https:\\\/\\\/www.dalessi.nl\\\/wp-content\\\/uploads\\\/2024\\\/02\\\/Dalessi-About-20230606-_DSC6290.jpg\",\"width\":2048,\"height\":1365},{\"@type\":\"BreadcrumbList\",\"@id\":\"https:\\\/\\\/www.dalessi.nl\\\/pt-pt\\\/a-nossa-equipa\\\/#breadcrumb\",\"itemListElement\":[{\"@type\":\"ListItem\",\"position\":1,\"name\":\"\",\"item\":\"https:\\\/\\\/www.dalessi.nl\\\/pt-pt\\\/\"},{\"@type\":\"ListItem\",\"position\":2,\"name\":\"A NOSSA EQUIPA\"}]},{\"@type\":\"WebSite\",\"@id\":\"https:\\\/\\\/www.dalessi.nl\\\/pt-pt\\\/#website\",\"url\":\"https:\\\/\\\/www.dalessi.nl\\\/pt-pt\\\/\",\"name\":\"Dalessi\",\"description\":\"Ferry very good!\",\"potentialAction\":[{\"@type\":\"SearchAction\",\"target\":{\"@type\":\"EntryPoint\",\"urlTemplate\":\"https:\\\/\\\/www.dalessi.nl\\\/pt-pt\\\/?s={search_term_string}\"},\"query-input\":{\"@type\":\"PropertyValueSpecification\",\"valueRequired\":true,\"valueName\":\"search_term_string\"}}],\"inLanguage\":\"pt-PT\"}]}<\/script>\n<!-- \/ Yoast SEO plugin. -->","yoast_head_json":{"title":"A NOSSA EQUIPA - Dalessi","robots":{"index":"index","follow":"follow","max-snippet":"max-snippet:-1","max-image-preview":"max-image-preview:large","max-video-preview":"max-video-preview:-1"},"canonical":"https:\/\/www.dalessi.nl\/pt-pt\/a-nossa-equipa\/","og_locale":"pt_PT","og_type":"article","og_title":"A NOSSA EQUIPA - Dalessi","og_description":"Sediada na nossa sede em IJhorst, Pa\u00edses Baixos, a Dalessi International Transport BV \u00e9 uma equipa de especialistas em log\u00edstica de transportes, felizes e trabalhadores. Para n\u00f3s, o servi\u00e7o \u00e9 pessoal e orgulhamo-nos de manter a sua carga a andar na dire\u00e7\u00e3o certa, todos os dias.","og_url":"https:\/\/www.dalessi.nl\/pt-pt\/a-nossa-equipa\/","og_site_name":"Dalessi","article_modified_time":"2025-06-11T09:39:47+00:00","og_image":[{"width":2048,"height":1365,"url":"https:\/\/www.dalessi.nl\/wp-content\/uploads\/2024\/02\/Dalessi-About-20230606-_DSC6290.jpg","type":"image\/jpeg"}],"twitter_card":"summary_large_image","twitter_misc":{"Tempo estimado de leitura":"1 minuto"},"schema":{"@context":"https:\/\/schema.org","@graph":[{"@type":"WebPage","@id":"https:\/\/www.dalessi.nl\/pt-pt\/a-nossa-equipa\/","url":"https:\/\/www.dalessi.nl\/pt-pt\/a-nossa-equipa\/","name":"A NOSSA EQUIPA - Dalessi","isPartOf":{"@id":"https:\/\/www.dalessi.nl\/pt-pt\/#website"},"primaryImageOfPage":{"@id":"https:\/\/www.dalessi.nl\/pt-pt\/a-nossa-equipa\/#primaryimage"},"image":{"@id":"https:\/\/www.dalessi.nl\/pt-pt\/a-nossa-equipa\/#primaryimage"},"thumbnailUrl":"https:\/\/www.dalessi.nl\/wp-content\/uploads\/2024\/02\/Dalessi-About-20230606-_DSC6290.jpg","datePublished":"2023-05-05T09:20:46+00:00","dateModified":"2025-06-11T09:39:47+00:00","breadcrumb":{"@id":"https:\/\/www.dalessi.nl\/pt-pt\/a-nossa-equipa\/#breadcrumb"},"inLanguage":"pt-PT","potentialAction":[{"@type":"ReadAction","target":["https:\/\/www.dalessi.nl\/pt-pt\/a-nossa-equipa\/"]}]},{"@type":"ImageObject","inLanguage":"pt-PT","@id":"https:\/\/www.dalessi.nl\/pt-pt\/a-nossa-equipa\/#primaryimage","url":"https:\/\/www.dalessi.nl\/wp-content\/uploads\/2024\/02\/Dalessi-About-20230606-_DSC6290.jpg","contentUrl":"https:\/\/www.dalessi.nl\/wp-content\/uploads\/2024\/02\/Dalessi-About-20230606-_DSC6290.jpg","width":2048,"height":1365},{"@type":"BreadcrumbList","@id":"https:\/\/www.dalessi.nl\/pt-pt\/a-nossa-equipa\/#breadcrumb","itemListElement":[{"@type":"ListItem","position":1,"name":"","item":"https:\/\/www.dalessi.nl\/pt-pt\/"},{"@type":"ListItem","position":2,"name":"A NOSSA EQUIPA"}]},{"@type":"WebSite","@id":"https:\/\/www.dalessi.nl\/pt-pt\/#website","url":"https:\/\/www.dalessi.nl\/pt-pt\/","name":"Dalessi","description":"Ferry very good!","potentialAction":[{"@type":"SearchAction","target":{"@type":"EntryPoint","urlTemplate":"https:\/\/www.dalessi.nl\/pt-pt\/?s={search_term_string}"},"query-input":{"@type":"PropertyValueSpecification","valueRequired":true,"valueName":"search_term_string"}}],"inLanguage":"pt-PT"}]}},"_links":{"self":[{"href":"https:\/\/www.dalessi.nl\/pt-pt\/wp-json\/wp\/v2\/pages\/1754","targetHints":{"allow":["GET"]}}],"collection":[{"href":"https:\/\/www.dalessi.nl\/pt-pt\/wp-json\/wp\/v2\/pages"}],"about":[{"href":"https:\/\/www.dalessi.nl\/pt-pt\/wp-json\/wp\/v2\/types\/page"}],"author":[{"embeddable":true,"href":"https:\/\/www.dalessi.nl\/pt-pt\/wp-json\/wp\/v2\/users\/1"}],"replies":[{"embeddable":true,"href":"https:\/\/www.dalessi.nl\/pt-pt\/wp-json\/wp\/v2\/comments?post=1754"}],"version-history":[{"count":2,"href":"https:\/\/www.dalessi.nl\/pt-pt\/wp-json\/wp\/v2\/pages\/1754\/revisions"}],"predecessor-version":[{"id":1848,"href":"https:\/\/www.dalessi.nl\/pt-pt\/wp-json\/wp\/v2\/pages\/1754\/revisions\/1848"}],"wp:featuredmedia":[{"embeddable":true,"href":"https:\/\/www.dalessi.nl\/pt-pt\/wp-json\/wp\/v2\/media\/1679"}],"wp:attachment":[{"href":"https:\/\/www.dalessi.nl\/pt-pt\/wp-json\/wp\/v2\/media?parent=1754"}],"curies":[{"name":"wp","href":"https:\/\/api.w.org\/{rel}","templated":true}]}}