{"id":1653,"date":"2023-05-05T11:20:29","date_gmt":"2023-05-05T09:20:29","guid":{"rendered":"https:\/\/www.dalessi.nl\/sprzet\/"},"modified":"2024-04-12T16:28:24","modified_gmt":"2024-04-12T14:28:24","slug":"sprzet","status":"publish","type":"page","link":"https:\/\/www.dalessi.nl\/pl\/sprzet\/","title":{"rendered":"Sprz\u0119t"},"content":{"rendered":"\n\n   \n   <section class=\"hero p-section-md | bg-brand-neutral-blue-light min-h-[40vh] lg:min-h-[50vh]\">\n\n      <!-- BACKGROUND IMAGE & GRADIENT -->\n               <img loading=\"lazy\" decoding=\"async\" width=\"1920\" height=\"1080\" src=\"https:\/\/www.dalessi.nl\/wp-content\/smush-webp\/2024\/04\/Dalessi-Equipment-20230606-DJI_0503-1920x1080.jpg.webp\" class=\"absolute top-0 left-0 w-full h-full object-cover img-fluid\" alt=\"\" \/>         <div class=\"absolute top-0 left-0 z-10 w-full h-full bg-gradient-to-b from-brand-secondary to-transparent opacity-60\"><\/div>\n      \n      <div class=\"container relative z-20\">\n         <p id=\"breadcrumbs\"><span><span><a href=\"https:\/\/www.dalessi.nl\/pl\/strona-glowna\/\"><i class=\"fa-solid fa-house\"><\/i><\/a><\/span><\/span><\/p>         <h1 class=\"mt-4 mb-2 text-white\">Sprz\u0119t<\/h1>\n         <div class=\"lg:w-3\/4 lg:text-xl text-white\"><\/div>\n      <\/div>\n      \n   <\/section>\n\n\n<section id=\"block-section-block_97ead0de8e3aa69b539d8f7d1b487e43\" class=\"block-section dalessi-block p-section-md alignfull wp-block-acf-section\">\n   <div class=\"container\">\n      <div class=\"inner-blocks\">\n         <div class=\"acf-innerblocks-container\">\n\n<p>Nasza du\u017ca, nowoczesna flota pojazd\u00f3w ma \u015bredni wiek wynosz\u0105cy zaledwie 2,5 roku i utrzymuje transport drogowy przez ca\u0142\u0105 dob\u0119. Posiadamy i obs\u0142ugujemy ponad 500 tr\u00f3josiowych naczep z certyfikatem XL i 80 dwuosiowych ci\u0119\u017car\u00f3wek Mercedes\/Volvo Euro 6, dodatkowo do naszej sieci podwykonawc\u00f3w 130 ci\u0119\u017car\u00f3wek dziennie &#8211; z kt\u00f3rych wszystkie spe\u0142niaj\u0105 rygorystyczne standardy Dalessi i protoko\u0142y konserwacji. Daje nam to ogromn\u0105 pojemno\u015b\u0107 dla Twoich potrzeb.<\/p>\n\n<\/div>      <\/div>\n   <\/div>\n<\/section>\n<section id=\"block-image-text-block_9bee15ae1b186e921fd14ce288d41fb9\" class=\"block-image-text dalessi-block p-section-lg alignfull wp-block-acf-image-text\">\n\n   <div class=\"top-0 object-cover h-full md:absolute md:w-1\/2 right-0\">\n\n      \n          <!-- BACKGROUND IMAGE -->\n         <img loading=\"lazy\" decoding=\"async\" width=\"1920\" height=\"1280\" src=\"https:\/\/www.dalessi.nl\/wp-content\/smush-webp\/2024\/04\/Dalessi-Transport-Trailers_parked-20230622-_DSC7150-1920x1280.jpg.webp\" class=\"object-cover w-full h-full img-fluid\" alt=\"\" srcset=\"https:\/\/www.dalessi.nl\/wp-content\/smush-webp\/2024\/04\/Dalessi-Transport-Trailers_parked-20230622-_DSC7150-1920x1280.jpg.webp 1920w, https:\/\/www.dalessi.nl\/wp-content\/smush-webp\/2024\/04\/Dalessi-Transport-Trailers_parked-20230622-_DSC7150-450x300.jpg.webp 450w, https:\/\/www.dalessi.nl\/wp-content\/smush-webp\/2024\/04\/Dalessi-Transport-Trailers_parked-20230622-_DSC7150-768x512.jpg.webp 768w, https:\/\/www.dalessi.nl\/wp-content\/smush-webp\/2024\/04\/Dalessi-Transport-Trailers_parked-20230622-_DSC7150-1536x1024.jpg.webp 1536w, https:\/\/www.dalessi.nl\/wp-content\/smush-webp\/2024\/04\/Dalessi-Transport-Trailers_parked-20230622-_DSC7150-2048x1365.jpg.webp 2048w\" sizes=\"auto, (max-width: 1920px) 100vw, 1920px\" \/>\n      \n      <img decoding=\"async\" src=\"https:\/\/www.dalessi.nl\/wp-content\/themes\/dalessi\/assets\/img\/wave.svg\" loading=\"lazy\" class=\"absolute hidden md:block top-8 left-0 -translate-x-1\/2 img-fluid\">\n      <img decoding=\"async\" src=\"https:\/\/www.dalessi.nl\/wp-content\/themes\/dalessi\/assets\/img\/wave.svg\" loading=\"lazy\" class=\"absolute hidden md:block top-24 left-0 translate-x-1\/4 img-fluid\">\n   <\/div>\n\n   <div class=\"container flex\">\n      <div class=\"md:w-1\/2 p-section-md md:pr-12 xl:pr-24\">\n         <div class=\"p-8 -mt-20 rounded-md bg-brand-neutral-grey-light inner-blocks md:mt-0 md:rounded-none md:bg-transparent md:p-0\">\n            <div class=\"acf-innerblocks-container\">\n\n<h2 class=\"wp-block-heading\">Przyczepy XL: maksymalne wymiary \u0142adunku<\/h2>\n\n\n\n<p>d\u0142.: 13,62 m<br\/>szer.: 2,42 m<br\/>wys.: 2,67 m (za\u0142adunek boczny: 2,59 m; za\u0142adunek tylny: 2,65 m; za\u0142adunek dachowy: 2,67 m)<\/p>\n\n\n\n<p>Wszystkie nasze naczepy s\u0105 utrzymywane w wysokim standardzie zgodnie z wymogami T\u00dcV &#8211; rygorystycznej niemieckiej certyfikacji \u0142adunk\u00f3w w zakresie bezpiecze\u0144stwa i zr\u00f3wnowa\u017conego rozwoju. Zawieramy cz\u0119ste umowy serwisowe i konserwacyjne, aby zapewni\u0107 niezawodno\u015b\u0107, bezpiecze\u0144stwo i wysoki poziom dba\u0142o\u015bci o \u0142adunek.<\/p>\n\n<\/div>         <\/div>\n      <\/div>\n   <\/div>\n<\/section>\n<section id=\"block-section-block_97ead0de8e3aa69b539d8f7d1b487e43\" class=\"block-section dalessi-block p-section-md alignfull wp-block-acf-section\">\n   <div class=\"container\">\n      <div class=\"inner-blocks\">\n         <div class=\"acf-innerblocks-container\">\n\n<h2 class=\"wp-block-heading\">Samochody ci\u0119\u017carowe z certyfikatem Euro 6<\/h2>\n\n\n\n<p>Mo\u017cemy za\u0142adowa\u0107 do 27,5 tony w Holandii, Belgii i Wielkiej Brytanii oraz 25 ton w Niemczech.<\/p>\n\n\n\n<p>Euro 6 to najnowsza norma emisji spalin Komisji Europejskiej dla pojazd\u00f3w specjalistycznych, dzi\u0119ki kt\u00f3rej przewo\u017cone towary s\u0105 jak najmniej emisyjne.<\/p>\n\n<\/div>      <\/div>\n   <\/div>\n<\/section>\n<section id=\"block-cta-block_14c7fe8e2c7b4cd6c49ee1efcc534613\" class=\"block-cta dalessi-block call-to-action p-section-md bg-brand-neutral-blue-medium alignfull wp-block-acf-cta\">\n   <div class=\"container flex flex-col items-center gap-x-24 gap-y-4 md:flex-row\">\n      <div class=\"w-1\/3 md:w-1\/4\">\n         <img loading=\"lazy\" decoding=\"async\" width=\"1\" height=\"1\" src=\"https:\/\/www.dalessi.nl\/wp-content\/uploads\/2024\/04\/Dalessi-Betrouwbaar-black.svg\" class=\"object-cover w-full h-full img-fluid\" alt=\"\" data-no-image-dimensions=\"1\" \/>      <\/div>\n      <div class=\"flex flex-col gap-4 md:w-3\/4\">\n         <div class=\"text-center inner-blocks md:text-left\">\n            <div class=\"acf-innerblocks-container\">\n\n<h2 class=\"wp-block-heading\">Chcesz dowiedzie\u0107 si\u0119 wi\u0119cej o naszych us\u0142ugach?<\/h2>\n\n\n\n<div class=\"wp-block-buttons is-layout-flex wp-block-buttons-is-layout-flex\">\n<div class=\"wp-block-button\"><a class=\"wp-block-button__link wp-element-button\" href=\"https:\/\/www.dalessi.nl\/diensten\/\">Zobacz nasze us\u0142ugi<\/a><\/div>\n<\/div>\n\n<\/div>         <\/div>\n      <\/div>\n   <\/div>\n<\/section>","protected":false},"excerpt":{"rendered":"","protected":false},"author":1,"featured_media":1636,"parent":0,"menu_order":0,"comment_status":"closed","ping_status":"closed","template":"","meta":{"_acf_changed":false,"footnotes":""},"class_list":["post-1653","page","type-page","status-publish","has-post-thumbnail","hentry"],"acf":[],"yoast_head":"<!-- This site is optimized with the Yoast SEO plugin v27.5 - https:\/\/yoast.com\/product\/yoast-seo-wordpress\/ -->\n<title>Sprz\u0119t - Dalessi<\/title>\n<meta name=\"robots\" content=\"index, follow, max-snippet:-1, max-image-preview:large, max-video-preview:-1\" \/>\n<link rel=\"canonical\" href=\"https:\/\/www.dalessi.nl\/pl\/sprzet\/\" \/>\n<meta property=\"og:locale\" content=\"pl_PL\" \/>\n<meta property=\"og:type\" content=\"article\" \/>\n<meta property=\"og:title\" content=\"Sprz\u0119t - Dalessi\" \/>\n<meta property=\"og:url\" content=\"https:\/\/www.dalessi.nl\/pl\/sprzet\/\" \/>\n<meta property=\"og:site_name\" content=\"Dalessi\" \/>\n<meta property=\"article:modified_time\" content=\"2024-04-12T14:28:24+00:00\" \/>\n<meta property=\"og:image\" content=\"https:\/\/www.dalessi.nl\/wp-content\/uploads\/2024\/04\/Dalessi-Equipment-20230606-DJI_0503-scaled.jpg\" \/>\n\t<meta property=\"og:image:width\" content=\"2560\" \/>\n\t<meta property=\"og:image:height\" content=\"1920\" \/>\n\t<meta property=\"og:image:type\" content=\"image\/jpeg\" \/>\n<meta name=\"twitter:card\" content=\"summary_large_image\" \/>\n<meta name=\"twitter:label1\" content=\"Szacowany czas czytania\" \/>\n\t<meta name=\"twitter:data1\" content=\"1 minuta\" \/>\n<script type=\"application\/ld+json\" class=\"yoast-schema-graph\">{\"@context\":\"https:\\\/\\\/schema.org\",\"@graph\":[{\"@type\":\"WebPage\",\"@id\":\"https:\\\/\\\/www.dalessi.nl\\\/pl\\\/sprzet\\\/\",\"url\":\"https:\\\/\\\/www.dalessi.nl\\\/pl\\\/sprzet\\\/\",\"name\":\"Sprz\u0119t - Dalessi\",\"isPartOf\":{\"@id\":\"https:\\\/\\\/www.dalessi.nl\\\/pl\\\/#website\"},\"primaryImageOfPage\":{\"@id\":\"https:\\\/\\\/www.dalessi.nl\\\/pl\\\/sprzet\\\/#primaryimage\"},\"image\":{\"@id\":\"https:\\\/\\\/www.dalessi.nl\\\/pl\\\/sprzet\\\/#primaryimage\"},\"thumbnailUrl\":\"https:\\\/\\\/www.dalessi.nl\\\/wp-content\\\/uploads\\\/2024\\\/04\\\/Dalessi-Equipment-20230606-DJI_0503-scaled.jpg\",\"datePublished\":\"2023-05-05T09:20:29+00:00\",\"dateModified\":\"2024-04-12T14:28:24+00:00\",\"breadcrumb\":{\"@id\":\"https:\\\/\\\/www.dalessi.nl\\\/pl\\\/sprzet\\\/#breadcrumb\"},\"inLanguage\":\"pl-PL\",\"potentialAction\":[{\"@type\":\"ReadAction\",\"target\":[\"https:\\\/\\\/www.dalessi.nl\\\/pl\\\/sprzet\\\/\"]}]},{\"@type\":\"ImageObject\",\"inLanguage\":\"pl-PL\",\"@id\":\"https:\\\/\\\/www.dalessi.nl\\\/pl\\\/sprzet\\\/#primaryimage\",\"url\":\"https:\\\/\\\/www.dalessi.nl\\\/wp-content\\\/uploads\\\/2024\\\/04\\\/Dalessi-Equipment-20230606-DJI_0503-scaled.jpg\",\"contentUrl\":\"https:\\\/\\\/www.dalessi.nl\\\/wp-content\\\/uploads\\\/2024\\\/04\\\/Dalessi-Equipment-20230606-DJI_0503-scaled.jpg\",\"width\":2560,\"height\":1920},{\"@type\":\"BreadcrumbList\",\"@id\":\"https:\\\/\\\/www.dalessi.nl\\\/pl\\\/sprzet\\\/#breadcrumb\",\"itemListElement\":[{\"@type\":\"ListItem\",\"position\":1,\"name\":\"\",\"item\":\"https:\\\/\\\/www.dalessi.nl\\\/pl\\\/strona-glowna\\\/\"},{\"@type\":\"ListItem\",\"position\":2,\"name\":\"Sprz\u0119t\"}]},{\"@type\":\"WebSite\",\"@id\":\"https:\\\/\\\/www.dalessi.nl\\\/pl\\\/#website\",\"url\":\"https:\\\/\\\/www.dalessi.nl\\\/pl\\\/\",\"name\":\"Dalessi\",\"description\":\"Ferry very good!\",\"potentialAction\":[{\"@type\":\"SearchAction\",\"target\":{\"@type\":\"EntryPoint\",\"urlTemplate\":\"https:\\\/\\\/www.dalessi.nl\\\/pl\\\/?s={search_term_string}\"},\"query-input\":{\"@type\":\"PropertyValueSpecification\",\"valueRequired\":true,\"valueName\":\"search_term_string\"}}],\"inLanguage\":\"pl-PL\"}]}<\/script>\n<!-- \/ Yoast SEO plugin. -->","yoast_head_json":{"title":"Sprz\u0119t - Dalessi","robots":{"index":"index","follow":"follow","max-snippet":"max-snippet:-1","max-image-preview":"max-image-preview:large","max-video-preview":"max-video-preview:-1"},"canonical":"https:\/\/www.dalessi.nl\/pl\/sprzet\/","og_locale":"pl_PL","og_type":"article","og_title":"Sprz\u0119t - Dalessi","og_url":"https:\/\/www.dalessi.nl\/pl\/sprzet\/","og_site_name":"Dalessi","article_modified_time":"2024-04-12T14:28:24+00:00","og_image":[{"width":2560,"height":1920,"url":"https:\/\/www.dalessi.nl\/wp-content\/uploads\/2024\/04\/Dalessi-Equipment-20230606-DJI_0503-scaled.jpg","type":"image\/jpeg"}],"twitter_card":"summary_large_image","twitter_misc":{"Szacowany czas czytania":"1 minuta"},"schema":{"@context":"https:\/\/schema.org","@graph":[{"@type":"WebPage","@id":"https:\/\/www.dalessi.nl\/pl\/sprzet\/","url":"https:\/\/www.dalessi.nl\/pl\/sprzet\/","name":"Sprz\u0119t - Dalessi","isPartOf":{"@id":"https:\/\/www.dalessi.nl\/pl\/#website"},"primaryImageOfPage":{"@id":"https:\/\/www.dalessi.nl\/pl\/sprzet\/#primaryimage"},"image":{"@id":"https:\/\/www.dalessi.nl\/pl\/sprzet\/#primaryimage"},"thumbnailUrl":"https:\/\/www.dalessi.nl\/wp-content\/uploads\/2024\/04\/Dalessi-Equipment-20230606-DJI_0503-scaled.jpg","datePublished":"2023-05-05T09:20:29+00:00","dateModified":"2024-04-12T14:28:24+00:00","breadcrumb":{"@id":"https:\/\/www.dalessi.nl\/pl\/sprzet\/#breadcrumb"},"inLanguage":"pl-PL","potentialAction":[{"@type":"ReadAction","target":["https:\/\/www.dalessi.nl\/pl\/sprzet\/"]}]},{"@type":"ImageObject","inLanguage":"pl-PL","@id":"https:\/\/www.dalessi.nl\/pl\/sprzet\/#primaryimage","url":"https:\/\/www.dalessi.nl\/wp-content\/uploads\/2024\/04\/Dalessi-Equipment-20230606-DJI_0503-scaled.jpg","contentUrl":"https:\/\/www.dalessi.nl\/wp-content\/uploads\/2024\/04\/Dalessi-Equipment-20230606-DJI_0503-scaled.jpg","width":2560,"height":1920},{"@type":"BreadcrumbList","@id":"https:\/\/www.dalessi.nl\/pl\/sprzet\/#breadcrumb","itemListElement":[{"@type":"ListItem","position":1,"name":"","item":"https:\/\/www.dalessi.nl\/pl\/strona-glowna\/"},{"@type":"ListItem","position":2,"name":"Sprz\u0119t"}]},{"@type":"WebSite","@id":"https:\/\/www.dalessi.nl\/pl\/#website","url":"https:\/\/www.dalessi.nl\/pl\/","name":"Dalessi","description":"Ferry very good!","potentialAction":[{"@type":"SearchAction","target":{"@type":"EntryPoint","urlTemplate":"https:\/\/www.dalessi.nl\/pl\/?s={search_term_string}"},"query-input":{"@type":"PropertyValueSpecification","valueRequired":true,"valueName":"search_term_string"}}],"inLanguage":"pl-PL"}]}},"_links":{"self":[{"href":"https:\/\/www.dalessi.nl\/pl\/wp-json\/wp\/v2\/pages\/1653","targetHints":{"allow":["GET"]}}],"collection":[{"href":"https:\/\/www.dalessi.nl\/pl\/wp-json\/wp\/v2\/pages"}],"about":[{"href":"https:\/\/www.dalessi.nl\/pl\/wp-json\/wp\/v2\/types\/page"}],"author":[{"embeddable":true,"href":"https:\/\/www.dalessi.nl\/pl\/wp-json\/wp\/v2\/users\/1"}],"replies":[{"embeddable":true,"href":"https:\/\/www.dalessi.nl\/pl\/wp-json\/wp\/v2\/comments?post=1653"}],"version-history":[{"count":1,"href":"https:\/\/www.dalessi.nl\/pl\/wp-json\/wp\/v2\/pages\/1653\/revisions"}],"predecessor-version":[{"id":1655,"href":"https:\/\/www.dalessi.nl\/pl\/wp-json\/wp\/v2\/pages\/1653\/revisions\/1655"}],"wp:featuredmedia":[{"embeddable":true,"href":"https:\/\/www.dalessi.nl\/pl\/wp-json\/wp\/v2\/media\/1636"}],"wp:attachment":[{"href":"https:\/\/www.dalessi.nl\/pl\/wp-json\/wp\/v2\/media?parent=1653"}],"curies":[{"name":"wp","href":"https:\/\/api.w.org\/{rel}","templated":true}]}}