{"id":1621,"date":"2023-05-05T11:20:46","date_gmt":"2023-05-05T09:20:46","guid":{"rendered":"https:\/\/www.dalessi.nl\/nasz-zespol\/"},"modified":"2025-06-11T11:32:42","modified_gmt":"2025-06-11T09:32:42","slug":"nasz-zespol","status":"publish","type":"page","link":"https:\/\/www.dalessi.nl\/pl\/nasz-zespol\/","title":{"rendered":"NASZ ZESP\u00d3\u0141"},"content":{"rendered":"\n\n   \n   <section class=\"hero p-section-md | bg-brand-neutral-blue-light min-h-[40vh] lg:min-h-[50vh]\">\n\n      <!-- BACKGROUND IMAGE & GRADIENT -->\n               <img loading=\"lazy\" decoding=\"async\" width=\"1920\" height=\"1080\" src=\"https:\/\/www.dalessi.nl\/wp-content\/smush-webp\/2024\/02\/Dalessi-About-20230606-_DSC6290-1920x1080.jpg.webp\" class=\"absolute top-0 left-0 w-full h-full object-cover img-fluid\" alt=\"\" \/>         <div class=\"absolute top-0 left-0 z-10 w-full h-full bg-gradient-to-b from-brand-secondary to-transparent opacity-60\"><\/div>\n      \n      <div class=\"container relative z-20\">\n         <p id=\"breadcrumbs\"><span><span><a href=\"https:\/\/www.dalessi.nl\/pl\/strona-glowna\/\"><i class=\"fa-solid fa-house\"><\/i><\/a><\/span><\/span><\/p>         <h1 class=\"mt-4 mb-2 text-white\">NASZ ZESP\u00d3\u0141<\/h1>\n         <div class=\"lg:w-3\/4 lg:text-xl text-white\"><p>Dalessi International Transport BV z siedzib\u0105 w IJhorst w Holandii to zesp\u00f3\u0142 szcz\u0119\u015bliwych i pracowitych specjalist\u00f3w w dziedzinie logistyki transportu. Obs\u0142uga jest dla nas spraw\u0105 osobist\u0105 i jeste\u015bmy dumni z tego, \u017ce ka\u017cdego dnia utrzymujemy \u0142adunek we w\u0142a\u015bciwym kierunku.<\/p>\n<\/div>\n      <\/div>\n      \n   <\/section>\n\n\n\n\n<section id=\"block-image-text-block_efa26c3c8ae4022b7d85eba582aada6a\" class=\"block-image-text dalessi-block p-section-lg alignfull wp-block-acf-image-text\">\n\n   <div class=\"top-0 object-cover h-full md:absolute md:w-1\/2 right-0\">\n\n      \n          <!-- BACKGROUND IMAGE -->\n         <img loading=\"lazy\" decoding=\"async\" width=\"1920\" height=\"1280\" src=\"https:\/\/www.dalessi.nl\/wp-content\/smush-webp\/2024\/04\/Dalessi-About-20230606-_DSC6246-1920x1280.jpg.webp\" class=\"object-cover w-full h-full img-fluid\" alt=\"\" srcset=\"https:\/\/www.dalessi.nl\/wp-content\/smush-webp\/2024\/04\/Dalessi-About-20230606-_DSC6246-1920x1280.jpg.webp 1920w, https:\/\/www.dalessi.nl\/wp-content\/smush-webp\/2024\/04\/Dalessi-About-20230606-_DSC6246-450x300.jpg.webp 450w, https:\/\/www.dalessi.nl\/wp-content\/smush-webp\/2024\/04\/Dalessi-About-20230606-_DSC6246-768x512.jpg.webp 768w, https:\/\/www.dalessi.nl\/wp-content\/smush-webp\/2024\/04\/Dalessi-About-20230606-_DSC6246-1536x1024.jpg.webp 1536w, https:\/\/www.dalessi.nl\/wp-content\/smush-webp\/2024\/04\/Dalessi-About-20230606-_DSC6246.jpg.webp 2048w\" sizes=\"auto, (max-width: 1920px) 100vw, 1920px\" \/>\n      \n      <img decoding=\"async\" src=\"https:\/\/www.dalessi.nl\/wp-content\/themes\/dalessi\/assets\/img\/wave.svg\" loading=\"lazy\" class=\"absolute hidden md:block top-8 left-0 -translate-x-1\/2 img-fluid\">\n      <img decoding=\"async\" src=\"https:\/\/www.dalessi.nl\/wp-content\/themes\/dalessi\/assets\/img\/wave.svg\" loading=\"lazy\" class=\"absolute hidden md:block top-24 left-0 translate-x-1\/4 img-fluid\">\n   <\/div>\n\n   <div class=\"container flex\">\n      <div class=\"md:w-1\/2 p-section-md md:pr-12 xl:pr-24\">\n         <div class=\"p-8 -mt-20 rounded-md bg-brand-neutral-grey-light inner-blocks md:mt-0 md:rounded-none md:bg-transparent md:p-0\">\n            <div class=\"acf-innerblocks-container\">\n\n<h2 class=\"wp-block-heading\">Planowanie i operacje handlowe<\/h2>\n\n\n\n<h3 class=\"wp-block-heading has-normal-font-size\">Ex Niemcy\/Niderlandy\/Belgia<\/h3>\n\n\n\n<p>Kontakt w celu om\u00f3wienia dalszych wysy\u0142ek \u0142adunk\u00f3w z Niemiec \/ Holandii \/ Belgii \/ Danii \/ Polski do Wielkiej Brytanii \/ Irlandii \/ Portugalii, prosimy o kontakt:<\/p>\n\n\n\n<p>Karel: <a href=\"mailto:Karel@dalessi.nl\">Karel@dalessi.nl<\/a><\/p>\n\n\n\n<p>Artur: <a href=\"mailto:Patrick@dalessi.nl\">artur@dalessipolska.pl<\/a><\/p>\n\n\n\n<p>Lee Brimelow: lee@dalessi.nl<\/p>\n\n\n\n<p>\u2014\u2014<\/p>\n\n\n\n<h3 class=\"wp-block-heading has-normal-font-size\">Wielka Brytania\/Portugalia<\/h3>\n\n\n\n<p>Aby om\u00f3wi\u0107 dalsze wysy\u0142ki \u0142adunk\u00f3w z Wielkiej Brytanii i Portugalii, prosimy o kontakt:<\/p>\n\n\n\n<p>Sander (UK North): <a href=\"mailto:Sander@dalessi.nl\">Sander@dalessi.nl<\/a><\/p>\n\n\n\n<p>Roland (UK Po\u0142udnie\/Irlandia): <a href=\"mailto:Roland@dalessi.nl\">Roland@dalessi.nl<\/a><\/p>\n\n\n\n<p>Lee Howard (UK): lhoward@dalessi.nl<\/p>\n\n<\/div>         <\/div>\n      <\/div>\n   <\/div>\n<\/section>\n\n\n<section id=\"block-image-text-block_c5d020a07b8880c8f51e0ed273b8cd39\" class=\"block-image-text dalessi-block p-section-lg alignfull wp-block-acf-image-text has-background has-grey-light-background-color\">\n\n   <div class=\"top-0 object-cover h-full md:absolute md:w-1\/2 left-0\">\n\n      \n          <!-- BACKGROUND IMAGE -->\n         <img loading=\"lazy\" decoding=\"async\" width=\"1920\" height=\"1280\" src=\"https:\/\/www.dalessi.nl\/wp-content\/smush-webp\/2024\/04\/Dalessi-Douane-1920x1280.jpg.webp\" class=\"object-cover w-full h-full img-fluid\" alt=\"\" srcset=\"https:\/\/www.dalessi.nl\/wp-content\/smush-webp\/2024\/04\/Dalessi-Douane-1920x1280.jpg.webp 1920w, https:\/\/www.dalessi.nl\/wp-content\/smush-webp\/2024\/04\/Dalessi-Douane-450x300.jpg.webp 450w, https:\/\/www.dalessi.nl\/wp-content\/smush-webp\/2024\/04\/Dalessi-Douane-768x512.jpg.webp 768w, https:\/\/www.dalessi.nl\/wp-content\/smush-webp\/2024\/04\/Dalessi-Douane-1536x1024.jpg.webp 1536w, https:\/\/www.dalessi.nl\/wp-content\/smush-webp\/2024\/04\/Dalessi-Douane-2048x1365.jpg.webp 2048w\" sizes=\"auto, (max-width: 1920px) 100vw, 1920px\" \/>\n      \n      <img decoding=\"async\" src=\"https:\/\/www.dalessi.nl\/wp-content\/themes\/dalessi\/assets\/img\/wave.svg\" loading=\"lazy\" class=\"absolute hidden md:block top-8 right-0 translate-x-1\/2 img-fluid\">\n      <img decoding=\"async\" src=\"https:\/\/www.dalessi.nl\/wp-content\/themes\/dalessi\/assets\/img\/wave.svg\" loading=\"lazy\" class=\"absolute hidden md:block top-24 right-0 -translate-x-1\/4 img-fluid\">\n   <\/div>\n\n   <div class=\"container flex\">\n      <div class=\"md:w-1\/2 p-section-md md:pl-12 xl:pl-24 ml-auto\">\n         <div class=\"p-8 -mt-20 rounded-md bg-brand-neutral-grey-light inner-blocks md:mt-0 md:rounded-none md:bg-transparent md:p-0\">\n            <div class=\"acf-innerblocks-container\">\n\n<h2 class=\"wp-block-heading\">Obs\u0142uga klienta i c\u0142a<\/h2>\n\n\n\n<p>W przypadku og\u00f3lnych pyta\u0144 dotycz\u0105cych przesy\u0142ek prosimy o kontakt:<\/p>\n\n\n\n<p>Winnie: winnie<a href=\"mailto:Been@dalessi.nl\">@dalessi.nl<\/a><\/p>\n\n\n\n<p>Douane: <a href=\"mailto:customs@dalessi.nl\"><\/a><a href=\"mailto:customs@dalessi.nl\">customs@dalessi.nl<\/a><\/p>\n\n<\/div>         <\/div>\n      <\/div>\n   <\/div>\n<\/section>\n\n\n<section id=\"block-image-text-block_9ff47970fb95a808fca663030672426f\" class=\"block-image-text dalessi-block p-section-lg alignfull wp-block-acf-image-text has-background has-white-background-color\">\n\n   <div class=\"top-0 object-cover h-full md:absolute md:w-1\/2 right-0\">\n\n      \n          <!-- BACKGROUND IMAGE -->\n         <img loading=\"lazy\" decoding=\"async\" width=\"1920\" height=\"1280\" src=\"https:\/\/www.dalessi.nl\/wp-content\/smush-webp\/2024\/04\/Dalessi-Boekghouding-1920x1280.jpg.webp\" class=\"object-cover w-full h-full img-fluid\" alt=\"\" srcset=\"https:\/\/www.dalessi.nl\/wp-content\/smush-webp\/2024\/04\/Dalessi-Boekghouding-1920x1280.jpg.webp 1920w, https:\/\/www.dalessi.nl\/wp-content\/smush-webp\/2024\/04\/Dalessi-Boekghouding-450x300.jpg.webp 450w, https:\/\/www.dalessi.nl\/wp-content\/smush-webp\/2024\/04\/Dalessi-Boekghouding-768x512.jpg.webp 768w, https:\/\/www.dalessi.nl\/wp-content\/smush-webp\/2024\/04\/Dalessi-Boekghouding-1536x1024.jpg.webp 1536w, https:\/\/www.dalessi.nl\/wp-content\/smush-webp\/2024\/04\/Dalessi-Boekghouding.jpg.webp 2048w\" sizes=\"auto, (max-width: 1920px) 100vw, 1920px\" \/>\n      \n      <img decoding=\"async\" src=\"https:\/\/www.dalessi.nl\/wp-content\/themes\/dalessi\/assets\/img\/wave.svg\" loading=\"lazy\" class=\"absolute hidden md:block top-8 left-0 -translate-x-1\/2 img-fluid\">\n      <img decoding=\"async\" src=\"https:\/\/www.dalessi.nl\/wp-content\/themes\/dalessi\/assets\/img\/wave.svg\" loading=\"lazy\" class=\"absolute hidden md:block top-24 left-0 translate-x-1\/4 img-fluid\">\n   <\/div>\n\n   <div class=\"container flex\">\n      <div class=\"md:w-1\/2 p-section-md md:pr-12 xl:pr-24\">\n         <div class=\"p-8 -mt-20 rounded-md bg-brand-neutral-grey-light inner-blocks md:mt-0 md:rounded-none md:bg-transparent md:p-0\">\n            <div class=\"acf-innerblocks-container\">\n\n<h2 class=\"wp-block-heading\">Spedycja<\/h2>\n\n\n\n<p>W celu om\u00f3wienia dalszych wysy\u0142ek \u0142adunk\u00f3w z Holandii do Niemiec, Polski, Danii i Szwecji prosimy o kontakt:<\/p>\n\n\n\n<p>Rick: <a href=\"mailto:Rick@dalessi.nl\">Rick@dalessi.nl<\/a><\/p>\n\n\n\n<p>Ren\u00e9: <a href=\"mailto:Jorrit@dalessi.nl\">been<\/a>@dalessi.nl <\/p>\n\n\n\n<p>Wim: wim@dalessi.nl  <\/p>\n\n\n\n<p>Luca: luca@dalessi.nl<\/p>\n\n<\/div>         <\/div>\n      <\/div>\n   <\/div>\n<\/section>\n\n\n<section id=\"block-image-text-block_1dba27f585e9e5012d964aab0d913c33\" class=\"block-image-text dalessi-block p-section-lg alignfull wp-block-acf-image-text has-background has-white-background-color\">\n\n   <div class=\"top-0 object-cover h-full md:absolute md:w-1\/2 left-0\">\n\n      \n          <!-- BACKGROUND IMAGE -->\n         <img loading=\"lazy\" decoding=\"async\" width=\"1920\" height=\"1280\" src=\"https:\/\/www.dalessi.nl\/wp-content\/smush-webp\/2024\/02\/Dalessi-Expiditie-1920x1280.jpg.webp\" class=\"object-cover w-full h-full img-fluid\" alt=\"\" srcset=\"https:\/\/www.dalessi.nl\/wp-content\/smush-webp\/2024\/02\/Dalessi-Expiditie-1920x1280.jpg.webp 1920w, https:\/\/www.dalessi.nl\/wp-content\/smush-webp\/2024\/02\/Dalessi-Expiditie-450x300.jpg.webp 450w, https:\/\/www.dalessi.nl\/wp-content\/smush-webp\/2024\/02\/Dalessi-Expiditie-768x512.jpg.webp 768w, https:\/\/www.dalessi.nl\/wp-content\/smush-webp\/2024\/02\/Dalessi-Expiditie-1536x1024.jpg.webp 1536w, https:\/\/www.dalessi.nl\/wp-content\/smush-webp\/2024\/02\/Dalessi-Expiditie-300x200.jpg.webp 300w, https:\/\/www.dalessi.nl\/wp-content\/smush-webp\/2024\/02\/Dalessi-Expiditie-1024x683.jpg.webp 1024w, https:\/\/www.dalessi.nl\/wp-content\/smush-webp\/2024\/02\/Dalessi-Expiditie.jpg.webp 2048w\" sizes=\"auto, (max-width: 1920px) 100vw, 1920px\" \/>\n      \n      <img decoding=\"async\" src=\"https:\/\/www.dalessi.nl\/wp-content\/themes\/dalessi\/assets\/img\/wave.svg\" loading=\"lazy\" class=\"absolute hidden md:block top-8 right-0 translate-x-1\/2 img-fluid\">\n      <img decoding=\"async\" src=\"https:\/\/www.dalessi.nl\/wp-content\/themes\/dalessi\/assets\/img\/wave.svg\" loading=\"lazy\" class=\"absolute hidden md:block top-24 right-0 -translate-x-1\/4 img-fluid\">\n   <\/div>\n\n   <div class=\"container flex\">\n      <div class=\"md:w-1\/2 p-section-md md:pl-12 xl:pl-24 ml-auto\">\n         <div class=\"p-8 -mt-20 rounded-md bg-brand-neutral-grey-light inner-blocks md:mt-0 md:rounded-none md:bg-transparent md:p-0\">\n            <div class=\"acf-innerblocks-container\">\n\n<h2 class=\"wp-block-heading\">Ksi\u0119gowo\u015b\u0107<\/h2>\n\n\n\n<p>W przypadku zapyta\u0144 finansowych, p\u0142atno\u015bci, zapyta\u0144 POD i FD prosimy o kontakt z cz\u0142onkiem zespo\u0142u ksi\u0119gowego poni\u017cej:<\/p>\n\n\n\n<div class=\"wp-block-buttons is-layout-flex wp-block-buttons-is-layout-flex\">\n<div class=\"wp-block-button is-style-outline is-style-outline--1\"><a class=\"wp-block-button__link wp-element-button\" href=\"mailto:administratie@dalessi.nl\">administratie@dalessi.nl <\/a><\/div>\n<\/div>\n\n\n\n<p>Klaas (FD)<\/p>\n\n\n\n<p>Tina<\/p>\n\n\n\n<p>Corien<\/p>\n\n\n\n<p>Eva-Helena<\/p>\n\n\n\n<p>Cassidy<\/p>\n\n\n\n<p>Caitlin<\/p>\n\n<\/div>         <\/div>\n      <\/div>\n   <\/div>\n<\/section>\n\n\n<section id=\"block-image-text-block_d22dda6ff304d8a42e73b592f2171ca2\" class=\"block-image-text dalessi-block p-section-lg alignfull wp-block-acf-image-text\">\n\n   <div class=\"top-0 object-cover h-full md:absolute md:w-1\/2 right-0\">\n\n      \n          <!-- BACKGROUND IMAGE -->\n         <img loading=\"lazy\" decoding=\"async\" width=\"1920\" height=\"1280\" src=\"https:\/\/www.dalessi.nl\/wp-content\/smush-webp\/2024\/04\/Dalessi-Transport-Kantoor-01-20230606-_DSC6344-1920x1280.jpg.webp\" class=\"object-cover w-full h-full img-fluid\" alt=\"\" srcset=\"https:\/\/www.dalessi.nl\/wp-content\/smush-webp\/2024\/04\/Dalessi-Transport-Kantoor-01-20230606-_DSC6344-1920x1280.jpg.webp 1920w, https:\/\/www.dalessi.nl\/wp-content\/smush-webp\/2024\/04\/Dalessi-Transport-Kantoor-01-20230606-_DSC6344-450x300.jpg.webp 450w, https:\/\/www.dalessi.nl\/wp-content\/smush-webp\/2024\/04\/Dalessi-Transport-Kantoor-01-20230606-_DSC6344-768x512.jpg.webp 768w, https:\/\/www.dalessi.nl\/wp-content\/smush-webp\/2024\/04\/Dalessi-Transport-Kantoor-01-20230606-_DSC6344-1536x1024.jpg.webp 1536w, https:\/\/www.dalessi.nl\/wp-content\/smush-webp\/2024\/04\/Dalessi-Transport-Kantoor-01-20230606-_DSC6344.jpg.webp 2048w\" sizes=\"auto, (max-width: 1920px) 100vw, 1920px\" \/>\n      \n      <img decoding=\"async\" src=\"https:\/\/www.dalessi.nl\/wp-content\/themes\/dalessi\/assets\/img\/wave.svg\" loading=\"lazy\" class=\"absolute hidden md:block top-8 left-0 -translate-x-1\/2 img-fluid\">\n      <img decoding=\"async\" src=\"https:\/\/www.dalessi.nl\/wp-content\/themes\/dalessi\/assets\/img\/wave.svg\" loading=\"lazy\" class=\"absolute hidden md:block top-24 left-0 translate-x-1\/4 img-fluid\">\n   <\/div>\n\n   <div class=\"container flex\">\n      <div class=\"md:w-1\/2 p-section-md md:pr-12 xl:pr-24\">\n         <div class=\"p-8 -mt-20 rounded-md bg-brand-neutral-grey-light inner-blocks md:mt-0 md:rounded-none md:bg-transparent md:p-0\">\n            <div class=\"acf-innerblocks-container\">\n\n<h2 class=\"wp-block-heading\">Zarz\u0105dzanie<\/h2>\n\n\n\n<p>W przypadku zapyta\u0144 biznesowych prosimy o kontakt:<\/p>\n\n\n\n<p>Nick: <a href=\"mailto:Nick@dalessi.nl\">Nick@dalessi.nl<\/a><\/p>\n\n\n\n<p>Gavin: <a href=\"mailto:Gavin@dalessi.nl\">Gavin@dalessi.nl<\/a><\/p>\n\n<\/div>         <\/div>\n      <\/div>\n   <\/div>\n<\/section>","protected":false},"excerpt":{"rendered":"<p>Dalessi International Transport BV z siedzib\u0105 w IJhorst w Holandii to zesp\u00f3\u0142 szcz\u0119\u015bliwych i pracowitych specjalist\u00f3w w dziedzinie logistyki transportu. Obs\u0142uga jest dla nas spraw\u0105 osobist\u0105 i jeste\u015bmy dumni z tego, \u017ce ka\u017cdego dnia utrzymujemy \u0142adunek we w\u0142a\u015bciwym kierunku.<\/p>\n","protected":false},"author":1,"featured_media":1546,"parent":0,"menu_order":0,"comment_status":"closed","ping_status":"closed","template":"","meta":{"_acf_changed":false,"footnotes":""},"class_list":["post-1621","page","type-page","status-publish","has-post-thumbnail","hentry"],"acf":[],"yoast_head":"<!-- This site is optimized with the Yoast SEO plugin v27.3 - https:\/\/yoast.com\/product\/yoast-seo-wordpress\/ -->\n<title>NASZ ZESP\u00d3\u0141 - Dalessi<\/title>\n<meta name=\"robots\" content=\"index, follow, max-snippet:-1, max-image-preview:large, max-video-preview:-1\" \/>\n<link rel=\"canonical\" href=\"https:\/\/www.dalessi.nl\/pl\/nasz-zespol\/\" \/>\n<meta property=\"og:locale\" content=\"pl_PL\" \/>\n<meta property=\"og:type\" content=\"article\" \/>\n<meta property=\"og:title\" content=\"NASZ ZESP\u00d3\u0141 - Dalessi\" \/>\n<meta property=\"og:description\" content=\"Dalessi International Transport BV z siedzib\u0105 w IJhorst w Holandii to zesp\u00f3\u0142 szcz\u0119\u015bliwych i pracowitych specjalist\u00f3w w dziedzinie logistyki transportu. Obs\u0142uga jest dla nas spraw\u0105 osobist\u0105 i jeste\u015bmy dumni z tego, \u017ce ka\u017cdego dnia utrzymujemy \u0142adunek we w\u0142a\u015bciwym kierunku.\" \/>\n<meta property=\"og:url\" content=\"https:\/\/www.dalessi.nl\/pl\/nasz-zespol\/\" \/>\n<meta property=\"og:site_name\" content=\"Dalessi\" \/>\n<meta property=\"article:modified_time\" content=\"2025-06-11T09:32:42+00:00\" \/>\n<meta property=\"og:image\" content=\"https:\/\/www.dalessi.nl\/wp-content\/uploads\/2024\/02\/Dalessi-About-20230606-_DSC6290.jpg\" \/>\n\t<meta property=\"og:image:width\" content=\"2048\" \/>\n\t<meta property=\"og:image:height\" content=\"1365\" \/>\n\t<meta property=\"og:image:type\" content=\"image\/jpeg\" \/>\n<meta name=\"twitter:card\" content=\"summary_large_image\" \/>\n<meta name=\"twitter:label1\" content=\"Szacowany czas czytania\" \/>\n\t<meta name=\"twitter:data1\" content=\"1 minuta\" \/>\n<script type=\"application\/ld+json\" class=\"yoast-schema-graph\">{\"@context\":\"https:\\\/\\\/schema.org\",\"@graph\":[{\"@type\":\"WebPage\",\"@id\":\"https:\\\/\\\/www.dalessi.nl\\\/pl\\\/nasz-zespol\\\/\",\"url\":\"https:\\\/\\\/www.dalessi.nl\\\/pl\\\/nasz-zespol\\\/\",\"name\":\"NASZ ZESP\u00d3\u0141 - Dalessi\",\"isPartOf\":{\"@id\":\"https:\\\/\\\/www.dalessi.nl\\\/pl\\\/#website\"},\"primaryImageOfPage\":{\"@id\":\"https:\\\/\\\/www.dalessi.nl\\\/pl\\\/nasz-zespol\\\/#primaryimage\"},\"image\":{\"@id\":\"https:\\\/\\\/www.dalessi.nl\\\/pl\\\/nasz-zespol\\\/#primaryimage\"},\"thumbnailUrl\":\"https:\\\/\\\/www.dalessi.nl\\\/wp-content\\\/uploads\\\/2024\\\/02\\\/Dalessi-About-20230606-_DSC6290.jpg\",\"datePublished\":\"2023-05-05T09:20:46+00:00\",\"dateModified\":\"2025-06-11T09:32:42+00:00\",\"breadcrumb\":{\"@id\":\"https:\\\/\\\/www.dalessi.nl\\\/pl\\\/nasz-zespol\\\/#breadcrumb\"},\"inLanguage\":\"pl-PL\",\"potentialAction\":[{\"@type\":\"ReadAction\",\"target\":[\"https:\\\/\\\/www.dalessi.nl\\\/pl\\\/nasz-zespol\\\/\"]}]},{\"@type\":\"ImageObject\",\"inLanguage\":\"pl-PL\",\"@id\":\"https:\\\/\\\/www.dalessi.nl\\\/pl\\\/nasz-zespol\\\/#primaryimage\",\"url\":\"https:\\\/\\\/www.dalessi.nl\\\/wp-content\\\/uploads\\\/2024\\\/02\\\/Dalessi-About-20230606-_DSC6290.jpg\",\"contentUrl\":\"https:\\\/\\\/www.dalessi.nl\\\/wp-content\\\/uploads\\\/2024\\\/02\\\/Dalessi-About-20230606-_DSC6290.jpg\",\"width\":2048,\"height\":1365},{\"@type\":\"BreadcrumbList\",\"@id\":\"https:\\\/\\\/www.dalessi.nl\\\/pl\\\/nasz-zespol\\\/#breadcrumb\",\"itemListElement\":[{\"@type\":\"ListItem\",\"position\":1,\"name\":\"\",\"item\":\"https:\\\/\\\/www.dalessi.nl\\\/pl\\\/strona-glowna\\\/\"},{\"@type\":\"ListItem\",\"position\":2,\"name\":\"NASZ ZESP\u00d3\u0141\"}]},{\"@type\":\"WebSite\",\"@id\":\"https:\\\/\\\/www.dalessi.nl\\\/pl\\\/#website\",\"url\":\"https:\\\/\\\/www.dalessi.nl\\\/pl\\\/\",\"name\":\"Dalessi\",\"description\":\"Ferry very good!\",\"potentialAction\":[{\"@type\":\"SearchAction\",\"target\":{\"@type\":\"EntryPoint\",\"urlTemplate\":\"https:\\\/\\\/www.dalessi.nl\\\/pl\\\/?s={search_term_string}\"},\"query-input\":{\"@type\":\"PropertyValueSpecification\",\"valueRequired\":true,\"valueName\":\"search_term_string\"}}],\"inLanguage\":\"pl-PL\"}]}<\/script>\n<!-- \/ Yoast SEO plugin. -->","yoast_head_json":{"title":"NASZ ZESP\u00d3\u0141 - Dalessi","robots":{"index":"index","follow":"follow","max-snippet":"max-snippet:-1","max-image-preview":"max-image-preview:large","max-video-preview":"max-video-preview:-1"},"canonical":"https:\/\/www.dalessi.nl\/pl\/nasz-zespol\/","og_locale":"pl_PL","og_type":"article","og_title":"NASZ ZESP\u00d3\u0141 - Dalessi","og_description":"Dalessi International Transport BV z siedzib\u0105 w IJhorst w Holandii to zesp\u00f3\u0142 szcz\u0119\u015bliwych i pracowitych specjalist\u00f3w w dziedzinie logistyki transportu. Obs\u0142uga jest dla nas spraw\u0105 osobist\u0105 i jeste\u015bmy dumni z tego, \u017ce ka\u017cdego dnia utrzymujemy \u0142adunek we w\u0142a\u015bciwym kierunku.","og_url":"https:\/\/www.dalessi.nl\/pl\/nasz-zespol\/","og_site_name":"Dalessi","article_modified_time":"2025-06-11T09:32:42+00:00","og_image":[{"width":2048,"height":1365,"url":"https:\/\/www.dalessi.nl\/wp-content\/uploads\/2024\/02\/Dalessi-About-20230606-_DSC6290.jpg","type":"image\/jpeg"}],"twitter_card":"summary_large_image","twitter_misc":{"Szacowany czas czytania":"1 minuta"},"schema":{"@context":"https:\/\/schema.org","@graph":[{"@type":"WebPage","@id":"https:\/\/www.dalessi.nl\/pl\/nasz-zespol\/","url":"https:\/\/www.dalessi.nl\/pl\/nasz-zespol\/","name":"NASZ ZESP\u00d3\u0141 - Dalessi","isPartOf":{"@id":"https:\/\/www.dalessi.nl\/pl\/#website"},"primaryImageOfPage":{"@id":"https:\/\/www.dalessi.nl\/pl\/nasz-zespol\/#primaryimage"},"image":{"@id":"https:\/\/www.dalessi.nl\/pl\/nasz-zespol\/#primaryimage"},"thumbnailUrl":"https:\/\/www.dalessi.nl\/wp-content\/uploads\/2024\/02\/Dalessi-About-20230606-_DSC6290.jpg","datePublished":"2023-05-05T09:20:46+00:00","dateModified":"2025-06-11T09:32:42+00:00","breadcrumb":{"@id":"https:\/\/www.dalessi.nl\/pl\/nasz-zespol\/#breadcrumb"},"inLanguage":"pl-PL","potentialAction":[{"@type":"ReadAction","target":["https:\/\/www.dalessi.nl\/pl\/nasz-zespol\/"]}]},{"@type":"ImageObject","inLanguage":"pl-PL","@id":"https:\/\/www.dalessi.nl\/pl\/nasz-zespol\/#primaryimage","url":"https:\/\/www.dalessi.nl\/wp-content\/uploads\/2024\/02\/Dalessi-About-20230606-_DSC6290.jpg","contentUrl":"https:\/\/www.dalessi.nl\/wp-content\/uploads\/2024\/02\/Dalessi-About-20230606-_DSC6290.jpg","width":2048,"height":1365},{"@type":"BreadcrumbList","@id":"https:\/\/www.dalessi.nl\/pl\/nasz-zespol\/#breadcrumb","itemListElement":[{"@type":"ListItem","position":1,"name":"","item":"https:\/\/www.dalessi.nl\/pl\/strona-glowna\/"},{"@type":"ListItem","position":2,"name":"NASZ ZESP\u00d3\u0141"}]},{"@type":"WebSite","@id":"https:\/\/www.dalessi.nl\/pl\/#website","url":"https:\/\/www.dalessi.nl\/pl\/","name":"Dalessi","description":"Ferry very good!","potentialAction":[{"@type":"SearchAction","target":{"@type":"EntryPoint","urlTemplate":"https:\/\/www.dalessi.nl\/pl\/?s={search_term_string}"},"query-input":{"@type":"PropertyValueSpecification","valueRequired":true,"valueName":"search_term_string"}}],"inLanguage":"pl-PL"}]}},"_links":{"self":[{"href":"https:\/\/www.dalessi.nl\/pl\/wp-json\/wp\/v2\/pages\/1621","targetHints":{"allow":["GET"]}}],"collection":[{"href":"https:\/\/www.dalessi.nl\/pl\/wp-json\/wp\/v2\/pages"}],"about":[{"href":"https:\/\/www.dalessi.nl\/pl\/wp-json\/wp\/v2\/types\/page"}],"author":[{"embeddable":true,"href":"https:\/\/www.dalessi.nl\/pl\/wp-json\/wp\/v2\/users\/1"}],"replies":[{"embeddable":true,"href":"https:\/\/www.dalessi.nl\/pl\/wp-json\/wp\/v2\/comments?post=1621"}],"version-history":[{"count":2,"href":"https:\/\/www.dalessi.nl\/pl\/wp-json\/wp\/v2\/pages\/1621\/revisions"}],"predecessor-version":[{"id":1841,"href":"https:\/\/www.dalessi.nl\/pl\/wp-json\/wp\/v2\/pages\/1621\/revisions\/1841"}],"wp:featuredmedia":[{"embeddable":true,"href":"https:\/\/www.dalessi.nl\/pl\/wp-json\/wp\/v2\/media\/1546"}],"wp:attachment":[{"href":"https:\/\/www.dalessi.nl\/pl\/wp-json\/wp\/v2\/media?parent=1621"}],"curies":[{"name":"wp","href":"https:\/\/api.w.org\/{rel}","templated":true}]}}