{"id":1611,"date":"2023-05-05T11:21:28","date_gmt":"2023-05-05T09:21:28","guid":{"rendered":"https:\/\/www.dalessi.nl\/kontakt\/"},"modified":"2024-04-12T16:28:23","modified_gmt":"2024-04-12T14:28:23","slug":"kontakt","status":"publish","type":"page","link":"https:\/\/www.dalessi.nl\/pl\/kontakt\/","title":{"rendered":"Kontakt"},"content":{"rendered":"\n\n   \n   <section class=\"hero p-section-md | bg-brand-neutral-blue-light min-h-[40vh] lg:min-h-[50vh]\">\n\n      <!-- BACKGROUND IMAGE & GRADIENT -->\n               <img loading=\"lazy\" decoding=\"async\" width=\"1920\" height=\"1080\" src=\"https:\/\/www.dalessi.nl\/wp-content\/smush-webp\/2023\/08\/Dalessi-Transport-Kantoor-20230606-_DSC6341-1920x1080.jpg.webp\" class=\"absolute top-0 left-0 w-full h-full object-cover img-fluid\" alt=\"\" \/>         <div class=\"absolute top-0 left-0 z-10 w-full h-full bg-gradient-to-b from-brand-secondary to-transparent opacity-60\"><\/div>\n      \n      <div class=\"container relative z-20\">\n         <p id=\"breadcrumbs\"><span><span><a href=\"https:\/\/www.dalessi.nl\/pl\/strona-glowna\/\"><i class=\"fa-solid fa-house\"><\/i><\/a><\/span><\/span><\/p>         <h1 class=\"mt-4 mb-2 text-white\">Kontakt<\/h1>\n         <div class=\"lg:w-3\/4 lg:text-xl text-white\"><p>Jako eksperci w transporcie drogowym i morskim b\u0119dziemy bardzo szcz\u0119\u015bliwi, je\u015bli si\u0119 do nas odezwiesz.<\/p>\n<\/div>\n      <\/div>\n      \n   <\/section>\n\n\n<section id=\"block-contact-block_78fef62d7c079aed806909cb6f69315a\" class=\"block-contact dalessi-block p-section-md alignfull wp-block-acf-contact\">\n   <div class=\"container\">\n      <div class=\"flex flex-col gap-12 lg:gap-24 lg:flex-row\">\n         <div class=\"lg:w-1\/2\">\n            <script type=\"text\/javascript\">\n\/* <![CDATA[ *\/\nvar gform;gform||(document.addEventListener(\"gform_main_scripts_loaded\",function(){gform.scriptsLoaded=!0}),document.addEventListener(\"gform\/theme\/scripts_loaded\",function(){gform.themeScriptsLoaded=!0}),window.addEventListener(\"DOMContentLoaded\",function(){gform.domLoaded=!0}),gform={domLoaded:!1,scriptsLoaded:!1,themeScriptsLoaded:!1,isFormEditor:()=>\"function\"==typeof InitializeEditor,callIfLoaded:function(o){return!(!gform.domLoaded||!gform.scriptsLoaded||!gform.themeScriptsLoaded&&!gform.isFormEditor()||(gform.isFormEditor()&&console.warn(\"The use of gform.initializeOnLoaded() is deprecated in the form editor context and will be removed in Gravity Forms 3.1.\"),o(),0))},initializeOnLoaded:function(o){gform.callIfLoaded(o)||(document.addEventListener(\"gform_main_scripts_loaded\",()=>{gform.scriptsLoaded=!0,gform.callIfLoaded(o)}),document.addEventListener(\"gform\/theme\/scripts_loaded\",()=>{gform.themeScriptsLoaded=!0,gform.callIfLoaded(o)}),window.addEventListener(\"DOMContentLoaded\",()=>{gform.domLoaded=!0,gform.callIfLoaded(o)}))},hooks:{action:{},filter:{}},addAction:function(o,r,e,t){gform.addHook(\"action\",o,r,e,t)},addFilter:function(o,r,e,t){gform.addHook(\"filter\",o,r,e,t)},doAction:function(o){gform.doHook(\"action\",o,arguments)},applyFilters:function(o){return gform.doHook(\"filter\",o,arguments)},removeAction:function(o,r){gform.removeHook(\"action\",o,r)},removeFilter:function(o,r,e){gform.removeHook(\"filter\",o,r,e)},addHook:function(o,r,e,t,n){null==gform.hooks[o][r]&&(gform.hooks[o][r]=[]);var d=gform.hooks[o][r];null==n&&(n=r+\"_\"+d.length),gform.hooks[o][r].push({tag:n,callable:e,priority:t=null==t?10:t})},doHook:function(r,o,e){var t;if(e=Array.prototype.slice.call(e,1),null!=gform.hooks[r][o]&&((o=gform.hooks[r][o]).sort(function(o,r){return o.priority-r.priority}),o.forEach(function(o){\"function\"!=typeof(t=o.callable)&&(t=window[t]),\"action\"==r?t.apply(null,e):e[0]=t.apply(null,e)})),\"filter\"==r)return e[0]},removeHook:function(o,r,t,n){var e;null!=gform.hooks[o][r]&&(e=(e=gform.hooks[o][r]).filter(function(o,r,e){return!!(null!=n&&n!=o.tag||null!=t&&t!=o.priority)}),gform.hooks[o][r]=e)}});\n\/* ]]> *\/\n<\/script>\n\n                <div class='gf_browser_gecko gform_wrapper gravity-theme gform-theme--no-framework' data-form-theme='gravity-theme' data-form-index='0' id='gform_wrapper_2' ><div id='gf_2' class='gform_anchor' tabindex='-1'><\/div>\n                        <div class='gform_heading'>\n                            <h2 class=\"gform_title\">Wy\u015blij nam wiadomo\u015b\u0107<\/h2>\n                        <\/div><form method='post' enctype='multipart\/form-data' target='gform_ajax_frame_2' id='gform_2'  action='\/pl\/wp-json\/wp\/v2\/pages\/1611#gf_2' data-formid='2' novalidate>\n                        <div class='gform-body gform_body'><div id='gform_fields_2' class='gform_fields top_label form_sublabel_below description_below validation_below'><fieldset id=\"field_2_1\" class=\"gfield gfield--type-name gfield--input-type-name gfield_contains_required field_sublabel_below gfield--no-description field_description_below field_validation_below gfield_visibility_visible form-group\"  data-field-class=\"form-group\" ><legend class='gfield_label gform-field-label gfield_label_before_complex' >Nazwa<span class=\"gfield_required\"><span class=\"gfield_required gfield_required_text\">(wymagane)<\/span><\/span><\/legend><div class='ginput_complex ginput_container ginput_container--name no_prefix has_first_name no_middle_name has_last_name no_suffix gf_name_has_2 ginput_container_name gform-grid-row' id='input_2_1'>\n                            \n                            <span id='input_2_1_3_container' class='name_first gform-grid-col gform-grid-col--size-auto' >\n                                                    <input class='form-control' type='text' name='input_1.3' id='input_2_1_3' value=''   aria-required='true'     \/>\n                                                    <label for='input_2_1_3' class='gform-field-label gform-field-label--type-sub '>Imi\u0119<\/label>\n                                                <\/span>\n                            \n                            <span id='input_2_1_6_container' class='name_last gform-grid-col gform-grid-col--size-auto' >\n                                                    <input class='form-control' type='text' name='input_1.6' id='input_2_1_6' value=''   aria-required='true'     \/>\n                                                    <label for='input_2_1_6' class='gform-field-label gform-field-label--type-sub '>Nazwisko<\/label>\n                                                <\/span>\n                            \n                        <\/div><\/fieldset><div id=\"field_2_2\" class=\"gfield gfield--type-email gfield--input-type-email gfield_contains_required field_sublabel_below gfield--no-description field_description_below field_validation_below gfield_visibility_visible form-group\"  data-field-class=\"form-group\" ><label class='gfield_label gform-field-label' for='input_2_2'>Adres e-mail<span class=\"gfield_required\"><span class=\"gfield_required gfield_required_text\">(wymagane)<\/span><\/span><\/label><div class='ginput_container ginput_container_email'>\n                            <input name='input_2' id='input_2_2' type='email' value='' class='form-control large'    aria-required=\"true\" aria-invalid=\"false\"  \/>\n                        <\/div><\/div><div id=\"field_2_3\" class=\"gfield gfield--type-phone gfield--input-type-phone gfield_contains_required field_sublabel_below gfield--no-description field_description_below field_validation_below gfield_visibility_visible form-group\"  data-field-class=\"form-group\" ><label class='gfield_label gform-field-label' for='input_2_3'>Numer telefonu<span class=\"gfield_required\"><span class=\"gfield_required gfield_required_text\">(wymagane)<\/span><\/span><\/label><div class='ginput_container ginput_container_phone'><input name='input_3' id='input_2_3' type='tel' value='' class='form-control large'   aria-required=\"true\" aria-invalid=\"false\"   \/><\/div><\/div><div id=\"field_2_4\" class=\"gfield gfield--type-textarea gfield--input-type-textarea gfield_contains_required field_sublabel_below gfield--no-description field_description_below field_validation_below gfield_visibility_visible form-group\"  data-field-class=\"form-group\" ><label class='gfield_label gform-field-label' for='input_2_4'>Twoja wiadomo\u015b\u0107<span class=\"gfield_required\"><span class=\"gfield_required gfield_required_text\">(wymagane)<\/span><\/span><\/label><div class='ginput_container ginput_container_textarea'><textarea name='input_4' id='input_2_4' class='form-control textarea medium'     aria-required=\"true\" aria-invalid=\"false\"   rows='10' cols='50'><\/textarea><\/div><\/div><\/div><\/div>\n        <div class='gform-footer gform_footer top_label'> <div class='wp-block-buttons'><div class='wp-block-button'><button class='wp-block-button__link gform_button' id='gform_submit_button_2'><span>Send <\/button><\/div><\/div> <input type='hidden' name='gform_ajax' value='form_id=2&amp;title=1&amp;description=&amp;tabindex=0&amp;theme=gravity-theme&amp;styles=[]&amp;hash=389fdb56c45b19ce29fbdaf28212114b' \/>\n            <input type='hidden' class='gform_hidden' name='gform_submission_method' data-js='gform_submission_method_2' value='iframe' \/>\n            <input type='hidden' class='gform_hidden' name='gform_theme' data-js='gform_theme_2' id='gform_theme_2' value='gravity-theme' \/>\n            <input type='hidden' class='gform_hidden' name='gform_style_settings' data-js='gform_style_settings_2' id='gform_style_settings_2' value='[]' \/>\n            <input type='hidden' class='gform_hidden' name='is_submit_2' value='1' \/>\n            <input type='hidden' class='gform_hidden' name='gform_submit' value='2' \/>\n            \n            <input type='hidden' class='gform_hidden' name='gform_currency' data-currency='EUR' value='MeXjdevY3vtVc\/Habg\/w5UfGKXkrVMm54Ofuo0qmTtOmq5a2BB\/L3DjZb8jlvz9nVIKbaRU8ZMCbGuJC80ZiXTLe1Gk2mKONxQcIb8\/iI8l\/wp0=' \/>\n            <input type='hidden' class='gform_hidden' name='gform_unique_id' value='' \/>\n            <input type='hidden' class='gform_hidden' name='state_2' value='WyJbXSIsIjc5NTFmYzVlZTJlN2E5YTg0ZmU4MDM0NmQ1ZmNiNmFlIl0=' \/>\n            <input type='hidden' autocomplete='off' class='gform_hidden' name='gform_target_page_number_2' id='gform_target_page_number_2' value='0' \/>\n            <input type='hidden' autocomplete='off' class='gform_hidden' name='gform_source_page_number_2' id='gform_source_page_number_2' value='1' \/>\n            <input type='hidden' name='gform_field_values' value='' \/>\n            \n        <\/div>\n                        <\/form>\n                        <\/div>\n\t\t                <iframe style='display:none;width:0px;height:0px;' src='about:blank' name='gform_ajax_frame_2' id='gform_ajax_frame_2' title='Ten element iframe zawiera logik\u0119 wymagan\u0105 do obs\u0142ugi Gravity Forms u\u017cywaj\u0105cych technologii Ajax.'><\/iframe>\n\t\t                <script type=\"text\/javascript\">\n\/* <![CDATA[ *\/\n gform.initializeOnLoaded( function() {gformInitSpinner( 2, 'https:\/\/www.dalessi.nl\/wp-content\/themes\/dalessi\/assets\/img\/gform-spinner.svg', true );jQuery('#gform_ajax_frame_2').on('load',function(){var contents = jQuery(this).contents().find('*').html();var is_postback = contents.indexOf('GF_AJAX_POSTBACK') >= 0;if(!is_postback){return;}var form_content = jQuery(this).contents().find('#gform_wrapper_2');var is_confirmation = jQuery(this).contents().find('#gform_confirmation_wrapper_2').length > 0;var is_redirect = contents.indexOf('gformRedirect(){') >= 0;var is_form = form_content.length > 0 && ! is_redirect && ! is_confirmation;var mt = parseInt(jQuery('html').css('margin-top'), 10) + parseInt(jQuery('body').css('margin-top'), 10) + 100;if(is_form){jQuery('#gform_wrapper_2').html(form_content.html());if(form_content.hasClass('gform_validation_error')){jQuery('#gform_wrapper_2').addClass('gform_validation_error');} else {jQuery('#gform_wrapper_2').removeClass('gform_validation_error');}setTimeout( function() { \/* delay the scroll by 50 milliseconds to fix a bug in chrome *\/ jQuery(document).scrollTop(jQuery('#gform_wrapper_2').offset().top - mt); }, 50 );if(window['gformInitDatepicker']) {gformInitDatepicker();}if(window['gformInitPriceFields']) {gformInitPriceFields();}var current_page = jQuery('#gform_source_page_number_2').val();gformInitSpinner( 2, 'https:\/\/www.dalessi.nl\/wp-content\/themes\/dalessi\/assets\/img\/gform-spinner.svg', true );jQuery(document).trigger('gform_page_loaded', [2, current_page]);window['gf_submitting_2'] = false;}else if(!is_redirect){var confirmation_content = jQuery(this).contents().find('.GF_AJAX_POSTBACK').html();if(!confirmation_content){confirmation_content = contents;}jQuery('#gform_wrapper_2').replaceWith(confirmation_content);jQuery(document).scrollTop(jQuery('#gf_2').offset().top - mt);jQuery(document).trigger('gform_confirmation_loaded', [2]);window['gf_submitting_2'] = false;wp.a11y.speak(jQuery('#gform_confirmation_message_2').text());}else{jQuery('#gform_2').append(contents);if(window['gformRedirect']) {gformRedirect();}}jQuery(document).trigger(\"gform_pre_post_render\", [{ formId: \"2\", currentPage: \"current_page\", abort: function() { this.preventDefault(); } }]);        if (event && event.defaultPrevented) {                return;        }        const gformWrapperDiv = document.getElementById( \"gform_wrapper_2\" );        if ( gformWrapperDiv ) {            const visibilitySpan = document.createElement( \"span\" );            visibilitySpan.id = \"gform_visibility_test_2\";            gformWrapperDiv.insertAdjacentElement( \"afterend\", visibilitySpan );        }        const visibilityTestDiv = document.getElementById( \"gform_visibility_test_2\" );        let postRenderFired = false;        function triggerPostRender() {            if ( postRenderFired ) {                return;            }            postRenderFired = true;            gform.core.triggerPostRenderEvents( 2, current_page );            if ( visibilityTestDiv ) {                visibilityTestDiv.parentNode.removeChild( visibilityTestDiv );            }        }        function debounce( func, wait, immediate ) {            var timeout;            return function() {                var context = this, args = arguments;                var later = function() {                    timeout = null;                    if ( !immediate ) func.apply( context, args );                };                var callNow = immediate && !timeout;                clearTimeout( timeout );                timeout = setTimeout( later, wait );                if ( callNow ) func.apply( context, args );            };        }        const debouncedTriggerPostRender = debounce( function() {            triggerPostRender();        }, 200 );        if ( visibilityTestDiv && visibilityTestDiv.offsetParent === null ) {            const observer = new MutationObserver( ( mutations ) => {                mutations.forEach( ( mutation ) => {                    if ( mutation.type === 'attributes' && visibilityTestDiv.offsetParent !== null ) {                        debouncedTriggerPostRender();                        observer.disconnect();                    }                });            });            observer.observe( document.body, {                attributes: true,                childList: false,                subtree: true,                attributeFilter: [ 'style', 'class' ],            });        } else {            triggerPostRender();        }    } );} ); \n\/* ]]> *\/\n<\/script>\n         <\/div>\n         <div class=\"lg:w-1\/2\">\n            <div class=\"mt-[2px] !pt-8 inner-blocks bg-brand-neutral-blue-light p-8 rounded-xl lg:p-0 lg:rounded-none lg:bg-transparent\"> \n               <div class=\"acf-innerblocks-container\">\n\n<h2 class=\"wp-block-heading\">Napisz do nas lub odwied\u017a nas<\/h2>\n\n\n\n<h3 class=\"wp-block-heading has-medium-font-size\">Dalessi International Transport B.V.<\/h3>\n\n\n\n<p>Kerkweg 3<br\/>7955 AA, IJhorst<br\/>Holandia<\/p>\n\n\n\n<p>KVK-nummer: 05070718<br\/>VAT-nr: NL8109.30.316.B01<\/p>\n\n\n\n<div class=\"wp-block-buttons is-layout-flex wp-block-buttons-is-layout-flex\">\n<div class=\"wp-block-button is-style-outline is-style-outline--1\"><a class=\"wp-block-button__link wp-element-button\" href=\"tel:+31522443445\">+31 (0)522 &#8211; 443 445<\/a><\/div>\n\n\n\n<div class=\"wp-block-button is-style-outline is-style-outline--2\"><a class=\"wp-block-button__link wp-element-button\" href=\"mailto:info@dalessi.nl\">info@DALESSI.NL<\/a><\/div>\n<\/div>\n\n\n\n<figure class=\"wp-block-image alignfull size-large\"><img decoding=\"async\" src=\"https:\/\/www.dalessi.nl\/wp-content\/smush-webp\/2024\/02\/Dalessi-CTA-20230606-_DSC6553-1024x683.jpg.webp\" alt=\"\" class=\"wp-image-555 img-fluid\"\/><\/figure>\n\n<\/div>            <\/div>\n         <\/div>\n      <\/div>\n   <\/div>\n<\/section>\n<section id=\"block-section-block_a180af9a0ac7088b614ac16a243f03d4\" class=\"block-section dalessi-block p-section-md alignfull wp-block-acf-section has-background has-neutral-blue-light-background-color\">\n   <div class=\"container\">\n      <div class=\"inner-blocks\">\n         <div class=\"acf-innerblocks-container\">\n\n<h2 class=\"wp-block-heading\">Dalessi Polska<\/h2>\n\n\n\n<p><a href=\"http:\/\/www.dalessipolska.pl\" target=\"_blank\" rel=\"noreferrer noopener\">www.dalessipolska.pl<\/a><\/p>\n\n\n\n<p>W przypadku pyta\u0144 dotycz\u0105cych naszego polskiego biura (zarejestrowanego w Zdu\u0144skiej Woli) prosimy o kontakt telefoniczny:<\/p>\n\n\n\n<p>Biuro g\u0142\u00f3wne: <a href=\"tel:+48438243817\">+48 43824 3817<\/a><\/p>\n\n\n\n<p>Polska planowanie ci\u0119\u017car\u00f3wek (Lipno): <a href=\"tel:+48%2060550%205905\">+48 60550 5905<\/a><\/p>\n\n<\/div>      <\/div>\n   <\/div>\n<\/section>","protected":false},"excerpt":{"rendered":"<p>Jako eksperci w transporcie drogowym i morskim b\u0119dziemy bardzo szcz\u0119\u015bliwi, je\u015bli si\u0119 do nas odezwiesz.<\/p>\n","protected":false},"author":1,"featured_media":1604,"parent":0,"menu_order":0,"comment_status":"closed","ping_status":"closed","template":"","meta":{"_acf_changed":false,"footnotes":""},"class_list":["post-1611","page","type-page","status-publish","has-post-thumbnail","hentry"],"acf":[],"yoast_head":"<!-- This site is optimized with the Yoast SEO plugin v27.3 - https:\/\/yoast.com\/product\/yoast-seo-wordpress\/ -->\n<title>Kontakt - Dalessi<\/title>\n<meta name=\"robots\" content=\"index, follow, max-snippet:-1, max-image-preview:large, max-video-preview:-1\" \/>\n<link rel=\"canonical\" href=\"https:\/\/www.dalessi.nl\/pl\/kontakt\/\" \/>\n<meta property=\"og:locale\" content=\"pl_PL\" \/>\n<meta property=\"og:type\" content=\"article\" \/>\n<meta property=\"og:title\" content=\"Kontakt - Dalessi\" \/>\n<meta property=\"og:description\" content=\"Jako eksperci w transporcie drogowym i morskim b\u0119dziemy bardzo szcz\u0119\u015bliwi, je\u015bli si\u0119 do nas odezwiesz.\" \/>\n<meta property=\"og:url\" content=\"https:\/\/www.dalessi.nl\/pl\/kontakt\/\" \/>\n<meta property=\"og:site_name\" content=\"Dalessi\" \/>\n<meta property=\"article:modified_time\" content=\"2024-04-12T14:28:23+00:00\" \/>\n<meta property=\"og:image\" content=\"https:\/\/www.dalessi.nl\/wp-content\/uploads\/2023\/08\/Dalessi-Transport-Kantoor-20230606-_DSC6341.jpg\" \/>\n\t<meta property=\"og:image:width\" content=\"2048\" \/>\n\t<meta property=\"og:image:height\" content=\"1365\" \/>\n\t<meta property=\"og:image:type\" content=\"image\/jpeg\" \/>\n<meta name=\"twitter:card\" content=\"summary_large_image\" \/>\n<script type=\"application\/ld+json\" class=\"yoast-schema-graph\">{\"@context\":\"https:\\\/\\\/schema.org\",\"@graph\":[{\"@type\":\"WebPage\",\"@id\":\"https:\\\/\\\/www.dalessi.nl\\\/pl\\\/kontakt\\\/\",\"url\":\"https:\\\/\\\/www.dalessi.nl\\\/pl\\\/kontakt\\\/\",\"name\":\"Kontakt - Dalessi\",\"isPartOf\":{\"@id\":\"https:\\\/\\\/www.dalessi.nl\\\/pl\\\/#website\"},\"primaryImageOfPage\":{\"@id\":\"https:\\\/\\\/www.dalessi.nl\\\/pl\\\/kontakt\\\/#primaryimage\"},\"image\":{\"@id\":\"https:\\\/\\\/www.dalessi.nl\\\/pl\\\/kontakt\\\/#primaryimage\"},\"thumbnailUrl\":\"https:\\\/\\\/www.dalessi.nl\\\/wp-content\\\/uploads\\\/2023\\\/08\\\/Dalessi-Transport-Kantoor-20230606-_DSC6341.jpg\",\"datePublished\":\"2023-05-05T09:21:28+00:00\",\"dateModified\":\"2024-04-12T14:28:23+00:00\",\"breadcrumb\":{\"@id\":\"https:\\\/\\\/www.dalessi.nl\\\/pl\\\/kontakt\\\/#breadcrumb\"},\"inLanguage\":\"pl-PL\",\"potentialAction\":[{\"@type\":\"ReadAction\",\"target\":[\"https:\\\/\\\/www.dalessi.nl\\\/pl\\\/kontakt\\\/\"]}]},{\"@type\":\"ImageObject\",\"inLanguage\":\"pl-PL\",\"@id\":\"https:\\\/\\\/www.dalessi.nl\\\/pl\\\/kontakt\\\/#primaryimage\",\"url\":\"https:\\\/\\\/www.dalessi.nl\\\/wp-content\\\/uploads\\\/2023\\\/08\\\/Dalessi-Transport-Kantoor-20230606-_DSC6341.jpg\",\"contentUrl\":\"https:\\\/\\\/www.dalessi.nl\\\/wp-content\\\/uploads\\\/2023\\\/08\\\/Dalessi-Transport-Kantoor-20230606-_DSC6341.jpg\",\"width\":2048,\"height\":1365},{\"@type\":\"BreadcrumbList\",\"@id\":\"https:\\\/\\\/www.dalessi.nl\\\/pl\\\/kontakt\\\/#breadcrumb\",\"itemListElement\":[{\"@type\":\"ListItem\",\"position\":1,\"name\":\"\",\"item\":\"https:\\\/\\\/www.dalessi.nl\\\/pl\\\/strona-glowna\\\/\"},{\"@type\":\"ListItem\",\"position\":2,\"name\":\"Kontakt\"}]},{\"@type\":\"WebSite\",\"@id\":\"https:\\\/\\\/www.dalessi.nl\\\/pl\\\/#website\",\"url\":\"https:\\\/\\\/www.dalessi.nl\\\/pl\\\/\",\"name\":\"Dalessi\",\"description\":\"Ferry very good!\",\"potentialAction\":[{\"@type\":\"SearchAction\",\"target\":{\"@type\":\"EntryPoint\",\"urlTemplate\":\"https:\\\/\\\/www.dalessi.nl\\\/pl\\\/?s={search_term_string}\"},\"query-input\":{\"@type\":\"PropertyValueSpecification\",\"valueRequired\":true,\"valueName\":\"search_term_string\"}}],\"inLanguage\":\"pl-PL\"}]}<\/script>\n<!-- \/ Yoast SEO plugin. -->","yoast_head_json":{"title":"Kontakt - Dalessi","robots":{"index":"index","follow":"follow","max-snippet":"max-snippet:-1","max-image-preview":"max-image-preview:large","max-video-preview":"max-video-preview:-1"},"canonical":"https:\/\/www.dalessi.nl\/pl\/kontakt\/","og_locale":"pl_PL","og_type":"article","og_title":"Kontakt - Dalessi","og_description":"Jako eksperci w transporcie drogowym i morskim b\u0119dziemy bardzo szcz\u0119\u015bliwi, je\u015bli si\u0119 do nas odezwiesz.","og_url":"https:\/\/www.dalessi.nl\/pl\/kontakt\/","og_site_name":"Dalessi","article_modified_time":"2024-04-12T14:28:23+00:00","og_image":[{"width":2048,"height":1365,"url":"https:\/\/www.dalessi.nl\/wp-content\/uploads\/2023\/08\/Dalessi-Transport-Kantoor-20230606-_DSC6341.jpg","type":"image\/jpeg"}],"twitter_card":"summary_large_image","schema":{"@context":"https:\/\/schema.org","@graph":[{"@type":"WebPage","@id":"https:\/\/www.dalessi.nl\/pl\/kontakt\/","url":"https:\/\/www.dalessi.nl\/pl\/kontakt\/","name":"Kontakt - Dalessi","isPartOf":{"@id":"https:\/\/www.dalessi.nl\/pl\/#website"},"primaryImageOfPage":{"@id":"https:\/\/www.dalessi.nl\/pl\/kontakt\/#primaryimage"},"image":{"@id":"https:\/\/www.dalessi.nl\/pl\/kontakt\/#primaryimage"},"thumbnailUrl":"https:\/\/www.dalessi.nl\/wp-content\/uploads\/2023\/08\/Dalessi-Transport-Kantoor-20230606-_DSC6341.jpg","datePublished":"2023-05-05T09:21:28+00:00","dateModified":"2024-04-12T14:28:23+00:00","breadcrumb":{"@id":"https:\/\/www.dalessi.nl\/pl\/kontakt\/#breadcrumb"},"inLanguage":"pl-PL","potentialAction":[{"@type":"ReadAction","target":["https:\/\/www.dalessi.nl\/pl\/kontakt\/"]}]},{"@type":"ImageObject","inLanguage":"pl-PL","@id":"https:\/\/www.dalessi.nl\/pl\/kontakt\/#primaryimage","url":"https:\/\/www.dalessi.nl\/wp-content\/uploads\/2023\/08\/Dalessi-Transport-Kantoor-20230606-_DSC6341.jpg","contentUrl":"https:\/\/www.dalessi.nl\/wp-content\/uploads\/2023\/08\/Dalessi-Transport-Kantoor-20230606-_DSC6341.jpg","width":2048,"height":1365},{"@type":"BreadcrumbList","@id":"https:\/\/www.dalessi.nl\/pl\/kontakt\/#breadcrumb","itemListElement":[{"@type":"ListItem","position":1,"name":"","item":"https:\/\/www.dalessi.nl\/pl\/strona-glowna\/"},{"@type":"ListItem","position":2,"name":"Kontakt"}]},{"@type":"WebSite","@id":"https:\/\/www.dalessi.nl\/pl\/#website","url":"https:\/\/www.dalessi.nl\/pl\/","name":"Dalessi","description":"Ferry very good!","potentialAction":[{"@type":"SearchAction","target":{"@type":"EntryPoint","urlTemplate":"https:\/\/www.dalessi.nl\/pl\/?s={search_term_string}"},"query-input":{"@type":"PropertyValueSpecification","valueRequired":true,"valueName":"search_term_string"}}],"inLanguage":"pl-PL"}]}},"_links":{"self":[{"href":"https:\/\/www.dalessi.nl\/pl\/wp-json\/wp\/v2\/pages\/1611","targetHints":{"allow":["GET"]}}],"collection":[{"href":"https:\/\/www.dalessi.nl\/pl\/wp-json\/wp\/v2\/pages"}],"about":[{"href":"https:\/\/www.dalessi.nl\/pl\/wp-json\/wp\/v2\/types\/page"}],"author":[{"embeddable":true,"href":"https:\/\/www.dalessi.nl\/pl\/wp-json\/wp\/v2\/users\/1"}],"replies":[{"embeddable":true,"href":"https:\/\/www.dalessi.nl\/pl\/wp-json\/wp\/v2\/comments?post=1611"}],"version-history":[{"count":1,"href":"https:\/\/www.dalessi.nl\/pl\/wp-json\/wp\/v2\/pages\/1611\/revisions"}],"predecessor-version":[{"id":1612,"href":"https:\/\/www.dalessi.nl\/pl\/wp-json\/wp\/v2\/pages\/1611\/revisions\/1612"}],"wp:featuredmedia":[{"embeddable":true,"href":"https:\/\/www.dalessi.nl\/pl\/wp-json\/wp\/v2\/media\/1604"}],"wp:attachment":[{"href":"https:\/\/www.dalessi.nl\/pl\/wp-json\/wp\/v2\/media?parent=1611"}],"curies":[{"name":"wp","href":"https:\/\/api.w.org\/{rel}","templated":true}]}}