{"id":1525,"date":"2024-02-21T14:05:04","date_gmt":"2024-02-21T13:05:04","guid":{"rendered":"https:\/\/www.dalessi.nl\/juz-wkrotce-portal-klienta\/"},"modified":"2024-04-12T16:28:23","modified_gmt":"2024-04-12T14:28:23","slug":"juz-wkrotce-portal-klienta","status":"publish","type":"page","link":"https:\/\/www.dalessi.nl\/pl\/juz-wkrotce-portal-klienta\/","title":{"rendered":"Ju\u017c wkr\u00f3tce&#8230; Portal klienta"},"content":{"rendered":"\n\n   \n   <section class=\"hero p-section-md | bg-brand-neutral-blue-light min-h-[40vh] lg:min-h-[50vh]\">\n\n      <!-- BACKGROUND IMAGE & GRADIENT -->\n               <img loading=\"lazy\" decoding=\"async\" width=\"1920\" height=\"1080\" src=\"https:\/\/www.dalessi.nl\/wp-content\/smush-webp\/2023\/05\/placeholder-3-1920x1080.jpg.webp\" class=\"absolute top-0 left-0 w-full h-full object-cover img-fluid\" alt=\"\" \/>         <div class=\"absolute top-0 left-0 z-10 w-full h-full bg-gradient-to-b from-brand-secondary to-transparent opacity-60\"><\/div>\n      \n      <div class=\"container relative z-20\">\n         <p id=\"breadcrumbs\"><span><span><a href=\"https:\/\/www.dalessi.nl\/pl\/strona-glowna\/\"><i class=\"fa-solid fa-house\"><\/i><\/a><\/span><\/span><\/p>         <h1 class=\"mt-4 mb-2 text-white\">Ju\u017c wkr\u00f3tce&#8230; Portal klienta<\/h1>\n         <div class=\"lg:w-3\/4 lg:text-xl text-white\"><p>Wkr\u00f3tce udost\u0119pnimy portal klienta dla wszystkich przesy\u0142ek.<\/p>\n<\/div>\n      <\/div>\n      \n   <\/section>\n\n\n<section id=\"block-section-block_16ef09eb9c22394f285d69af69f47d15\" class=\"block-section dalessi-block p-section-md alignfull wp-block-acf-section has-background has-grey-light-background-color\">\n   <div class=\"container\">\n      <div class=\"inner-blocks\">\n         <div class=\"acf-innerblocks-container\">\n\n<h2 class=\"wp-block-heading alignwide has-text-align-center\">Przeczytaj wi\u0119cej o<\/h2>\n\n\n\n<div class=\"wp-block-buttons is-content-justification-center is-layout-flex wp-container-core-buttons-is-layout-16018d1d wp-block-buttons-is-layout-flex\">\n<div class=\"wp-block-button\"><a class=\"wp-block-button__link wp-element-button\" href=\"https:\/\/www.dalessi.nl\/en\/services\/\">Us\u0142ugi<\/a><\/div>\n\n\n\n<div class=\"wp-block-button\"><a class=\"wp-block-button__link wp-element-button\" href=\"https:\/\/www.dalessi.nl\/pl\/o-dalessi\/\">O nas<\/a><\/div>\n\n\n\n<div class=\"wp-block-button\"><a class=\"wp-block-button__link wp-element-button\" href=\"https:\/\/www.dalessi.nl\/pl\/kontakt\/\">Kontakt<\/a><\/div>\n<\/div>\n\n<\/div>      <\/div>\n   <\/div>\n<\/section>","protected":false},"excerpt":{"rendered":"<p>Wkr\u00f3tce udost\u0119pnimy portal klienta dla wszystkich przesy\u0142ek.<\/p>\n","protected":false},"author":2,"featured_media":1526,"parent":0,"menu_order":0,"comment_status":"closed","ping_status":"closed","template":"","meta":{"_acf_changed":false,"footnotes":""},"class_list":["post-1525","page","type-page","status-publish","has-post-thumbnail","hentry"],"acf":[],"yoast_head":"<!-- This site is optimized with the Yoast SEO plugin v27.5 - https:\/\/yoast.com\/product\/yoast-seo-wordpress\/ -->\n<title>Ju\u017c wkr\u00f3tce... Portal klienta - Dalessi<\/title>\n<meta name=\"robots\" content=\"index, follow, max-snippet:-1, max-image-preview:large, max-video-preview:-1\" \/>\n<link rel=\"canonical\" href=\"https:\/\/www.dalessi.nl\/pl\/juz-wkrotce-portal-klienta\/\" \/>\n<meta property=\"og:locale\" content=\"pl_PL\" \/>\n<meta property=\"og:type\" content=\"article\" \/>\n<meta property=\"og:title\" content=\"Ju\u017c wkr\u00f3tce... Portal klienta - Dalessi\" \/>\n<meta property=\"og:description\" content=\"Wkr\u00f3tce udost\u0119pnimy portal klienta dla wszystkich przesy\u0142ek.\" \/>\n<meta property=\"og:url\" content=\"https:\/\/www.dalessi.nl\/pl\/juz-wkrotce-portal-klienta\/\" \/>\n<meta property=\"og:site_name\" content=\"Dalessi\" \/>\n<meta property=\"article:modified_time\" content=\"2024-04-12T14:28:23+00:00\" \/>\n<meta property=\"og:image\" content=\"https:\/\/www.dalessi.nl\/wp-content\/uploads\/2023\/05\/placeholder-3.jpg\" \/>\n\t<meta property=\"og:image:width\" content=\"1920\" \/>\n\t<meta property=\"og:image:height\" content=\"1282\" \/>\n\t<meta property=\"og:image:type\" content=\"image\/jpeg\" \/>\n<meta name=\"twitter:card\" content=\"summary_large_image\" \/>\n<script type=\"application\/ld+json\" class=\"yoast-schema-graph\">{\"@context\":\"https:\\\/\\\/schema.org\",\"@graph\":[{\"@type\":\"WebPage\",\"@id\":\"https:\\\/\\\/www.dalessi.nl\\\/pl\\\/juz-wkrotce-portal-klienta\\\/\",\"url\":\"https:\\\/\\\/www.dalessi.nl\\\/pl\\\/juz-wkrotce-portal-klienta\\\/\",\"name\":\"Ju\u017c wkr\u00f3tce... Portal klienta - Dalessi\",\"isPartOf\":{\"@id\":\"https:\\\/\\\/www.dalessi.nl\\\/pl\\\/#website\"},\"primaryImageOfPage\":{\"@id\":\"https:\\\/\\\/www.dalessi.nl\\\/pl\\\/juz-wkrotce-portal-klienta\\\/#primaryimage\"},\"image\":{\"@id\":\"https:\\\/\\\/www.dalessi.nl\\\/pl\\\/juz-wkrotce-portal-klienta\\\/#primaryimage\"},\"thumbnailUrl\":\"https:\\\/\\\/www.dalessi.nl\\\/wp-content\\\/uploads\\\/2023\\\/05\\\/placeholder-3.jpg\",\"datePublished\":\"2024-02-21T13:05:04+00:00\",\"dateModified\":\"2024-04-12T14:28:23+00:00\",\"breadcrumb\":{\"@id\":\"https:\\\/\\\/www.dalessi.nl\\\/pl\\\/juz-wkrotce-portal-klienta\\\/#breadcrumb\"},\"inLanguage\":\"pl-PL\",\"potentialAction\":[{\"@type\":\"ReadAction\",\"target\":[\"https:\\\/\\\/www.dalessi.nl\\\/pl\\\/juz-wkrotce-portal-klienta\\\/\"]}]},{\"@type\":\"ImageObject\",\"inLanguage\":\"pl-PL\",\"@id\":\"https:\\\/\\\/www.dalessi.nl\\\/pl\\\/juz-wkrotce-portal-klienta\\\/#primaryimage\",\"url\":\"https:\\\/\\\/www.dalessi.nl\\\/wp-content\\\/uploads\\\/2023\\\/05\\\/placeholder-3.jpg\",\"contentUrl\":\"https:\\\/\\\/www.dalessi.nl\\\/wp-content\\\/uploads\\\/2023\\\/05\\\/placeholder-3.jpg\",\"width\":1920,\"height\":1282},{\"@type\":\"BreadcrumbList\",\"@id\":\"https:\\\/\\\/www.dalessi.nl\\\/pl\\\/juz-wkrotce-portal-klienta\\\/#breadcrumb\",\"itemListElement\":[{\"@type\":\"ListItem\",\"position\":1,\"name\":\"\",\"item\":\"https:\\\/\\\/www.dalessi.nl\\\/pl\\\/strona-glowna\\\/\"},{\"@type\":\"ListItem\",\"position\":2,\"name\":\"Ju\u017c wkr\u00f3tce&#8230; Portal klienta\"}]},{\"@type\":\"WebSite\",\"@id\":\"https:\\\/\\\/www.dalessi.nl\\\/pl\\\/#website\",\"url\":\"https:\\\/\\\/www.dalessi.nl\\\/pl\\\/\",\"name\":\"Dalessi\",\"description\":\"Ferry very good!\",\"potentialAction\":[{\"@type\":\"SearchAction\",\"target\":{\"@type\":\"EntryPoint\",\"urlTemplate\":\"https:\\\/\\\/www.dalessi.nl\\\/pl\\\/?s={search_term_string}\"},\"query-input\":{\"@type\":\"PropertyValueSpecification\",\"valueRequired\":true,\"valueName\":\"search_term_string\"}}],\"inLanguage\":\"pl-PL\"}]}<\/script>\n<!-- \/ Yoast SEO plugin. -->","yoast_head_json":{"title":"Ju\u017c wkr\u00f3tce... Portal klienta - Dalessi","robots":{"index":"index","follow":"follow","max-snippet":"max-snippet:-1","max-image-preview":"max-image-preview:large","max-video-preview":"max-video-preview:-1"},"canonical":"https:\/\/www.dalessi.nl\/pl\/juz-wkrotce-portal-klienta\/","og_locale":"pl_PL","og_type":"article","og_title":"Ju\u017c wkr\u00f3tce... Portal klienta - Dalessi","og_description":"Wkr\u00f3tce udost\u0119pnimy portal klienta dla wszystkich przesy\u0142ek.","og_url":"https:\/\/www.dalessi.nl\/pl\/juz-wkrotce-portal-klienta\/","og_site_name":"Dalessi","article_modified_time":"2024-04-12T14:28:23+00:00","og_image":[{"width":1920,"height":1282,"url":"https:\/\/www.dalessi.nl\/wp-content\/uploads\/2023\/05\/placeholder-3.jpg","type":"image\/jpeg"}],"twitter_card":"summary_large_image","schema":{"@context":"https:\/\/schema.org","@graph":[{"@type":"WebPage","@id":"https:\/\/www.dalessi.nl\/pl\/juz-wkrotce-portal-klienta\/","url":"https:\/\/www.dalessi.nl\/pl\/juz-wkrotce-portal-klienta\/","name":"Ju\u017c wkr\u00f3tce... Portal klienta - Dalessi","isPartOf":{"@id":"https:\/\/www.dalessi.nl\/pl\/#website"},"primaryImageOfPage":{"@id":"https:\/\/www.dalessi.nl\/pl\/juz-wkrotce-portal-klienta\/#primaryimage"},"image":{"@id":"https:\/\/www.dalessi.nl\/pl\/juz-wkrotce-portal-klienta\/#primaryimage"},"thumbnailUrl":"https:\/\/www.dalessi.nl\/wp-content\/uploads\/2023\/05\/placeholder-3.jpg","datePublished":"2024-02-21T13:05:04+00:00","dateModified":"2024-04-12T14:28:23+00:00","breadcrumb":{"@id":"https:\/\/www.dalessi.nl\/pl\/juz-wkrotce-portal-klienta\/#breadcrumb"},"inLanguage":"pl-PL","potentialAction":[{"@type":"ReadAction","target":["https:\/\/www.dalessi.nl\/pl\/juz-wkrotce-portal-klienta\/"]}]},{"@type":"ImageObject","inLanguage":"pl-PL","@id":"https:\/\/www.dalessi.nl\/pl\/juz-wkrotce-portal-klienta\/#primaryimage","url":"https:\/\/www.dalessi.nl\/wp-content\/uploads\/2023\/05\/placeholder-3.jpg","contentUrl":"https:\/\/www.dalessi.nl\/wp-content\/uploads\/2023\/05\/placeholder-3.jpg","width":1920,"height":1282},{"@type":"BreadcrumbList","@id":"https:\/\/www.dalessi.nl\/pl\/juz-wkrotce-portal-klienta\/#breadcrumb","itemListElement":[{"@type":"ListItem","position":1,"name":"","item":"https:\/\/www.dalessi.nl\/pl\/strona-glowna\/"},{"@type":"ListItem","position":2,"name":"Ju\u017c wkr\u00f3tce&#8230; Portal klienta"}]},{"@type":"WebSite","@id":"https:\/\/www.dalessi.nl\/pl\/#website","url":"https:\/\/www.dalessi.nl\/pl\/","name":"Dalessi","description":"Ferry very good!","potentialAction":[{"@type":"SearchAction","target":{"@type":"EntryPoint","urlTemplate":"https:\/\/www.dalessi.nl\/pl\/?s={search_term_string}"},"query-input":{"@type":"PropertyValueSpecification","valueRequired":true,"valueName":"search_term_string"}}],"inLanguage":"pl-PL"}]}},"_links":{"self":[{"href":"https:\/\/www.dalessi.nl\/pl\/wp-json\/wp\/v2\/pages\/1525","targetHints":{"allow":["GET"]}}],"collection":[{"href":"https:\/\/www.dalessi.nl\/pl\/wp-json\/wp\/v2\/pages"}],"about":[{"href":"https:\/\/www.dalessi.nl\/pl\/wp-json\/wp\/v2\/types\/page"}],"author":[{"embeddable":true,"href":"https:\/\/www.dalessi.nl\/pl\/wp-json\/wp\/v2\/users\/2"}],"replies":[{"embeddable":true,"href":"https:\/\/www.dalessi.nl\/pl\/wp-json\/wp\/v2\/comments?post=1525"}],"version-history":[{"count":1,"href":"https:\/\/www.dalessi.nl\/pl\/wp-json\/wp\/v2\/pages\/1525\/revisions"}],"predecessor-version":[{"id":1527,"href":"https:\/\/www.dalessi.nl\/pl\/wp-json\/wp\/v2\/pages\/1525\/revisions\/1527"}],"wp:featuredmedia":[{"embeddable":true,"href":"https:\/\/www.dalessi.nl\/pl\/wp-json\/wp\/v2\/media\/1526"}],"wp:attachment":[{"href":"https:\/\/www.dalessi.nl\/pl\/wp-json\/wp\/v2\/media?parent=1525"}],"curies":[{"name":"wp","href":"https:\/\/api.w.org\/{rel}","templated":true}]}}