{"id":1223,"date":"2023-05-05T11:20:29","date_gmt":"2023-05-05T09:20:29","guid":{"rendered":"https:\/\/www.dalessi.nl\/ausstattung\/"},"modified":"2024-04-08T15:32:48","modified_gmt":"2024-04-08T13:32:48","slug":"ausstattung","status":"publish","type":"page","link":"https:\/\/www.dalessi.nl\/de\/ausstattung\/","title":{"rendered":"Ausstattung"},"content":{"rendered":"\n\n   \n   <section class=\"hero p-section-md | bg-brand-neutral-blue-light min-h-[40vh] lg:min-h-[50vh]\">\n\n      <!-- BACKGROUND IMAGE & GRADIENT -->\n               <img loading=\"lazy\" decoding=\"async\" width=\"1920\" height=\"1080\" src=\"https:\/\/www.dalessi.nl\/wp-content\/smush-webp\/2024\/04\/Dalessi-Equipment-20230606-DJI_0503-1920x1080.jpg.webp\" class=\"absolute top-0 left-0 w-full h-full object-cover img-fluid\" alt=\"\" \/>         <div class=\"absolute top-0 left-0 z-10 w-full h-full bg-gradient-to-b from-brand-secondary to-transparent opacity-60\"><\/div>\n      \n      <div class=\"container relative z-20\">\n         <p id=\"breadcrumbs\"><span><span><a href=\"https:\/\/www.dalessi.nl\/de\/\"><i class=\"fa-solid fa-house\"><\/i><\/a><\/span><\/span><\/p>         <h1 class=\"mt-4 mb-2 text-white\">Ausstattung<\/h1>\n         <div class=\"lg:w-3\/4 lg:text-xl text-white\"><\/div>\n      <\/div>\n      \n   <\/section>\n\n\n<section id=\"block-section-block_6af148aab94b737d2d2535052214801d\" class=\"block-section dalessi-block p-section-md alignfull wp-block-acf-section\">\n   <div class=\"container\">\n      <div class=\"inner-blocks\">\n         <div class=\"acf-innerblocks-container\">\n\n<p>Unser gro\u00dfer, moderner Fuhrpark hat ein Durchschnittsalter von gerade einmal 2,5\u00a0Jahren und bringt Ihre G\u00fcter rund um die Uhr an den Zielort. Wir besitzen und nutzen mehr als 500 XL-zertifizierte dreiachsige Auflieger und 80 zweiachsige Mercedes\/Volvo Euro-6-Lkw, zus\u00e4tzlich zu unserem Subunternehmer-Netzwerk mit 130 Lkw. Auch diese erf\u00fcllen die strengen Standards und Wartungsprotokolle von Dalessi ausnahmslos. Jede Menge Kapazit\u00e4t f\u00fcr Ihren Bedarf.<\/p>\n\n<\/div>      <\/div>\n   <\/div>\n<\/section>\n<section id=\"block-image-text-block_356ff50a6f1c87a3f9736b52700c587e\" class=\"block-image-text dalessi-block p-section-lg alignfull wp-block-acf-image-text\">\n\n   <div class=\"top-0 object-cover h-full md:absolute md:w-1\/2 right-0\">\n\n      \n          <!-- BACKGROUND IMAGE -->\n         <img loading=\"lazy\" decoding=\"async\" width=\"1920\" height=\"1280\" src=\"https:\/\/www.dalessi.nl\/wp-content\/smush-webp\/2024\/04\/Dalessi-Transport-Trailers_parked-20230622-_DSC7150-1920x1280.jpg.webp\" class=\"object-cover w-full h-full img-fluid\" alt=\"\" srcset=\"https:\/\/www.dalessi.nl\/wp-content\/smush-webp\/2024\/04\/Dalessi-Transport-Trailers_parked-20230622-_DSC7150-1920x1280.jpg.webp 1920w, https:\/\/www.dalessi.nl\/wp-content\/smush-webp\/2024\/04\/Dalessi-Transport-Trailers_parked-20230622-_DSC7150-450x300.jpg.webp 450w, https:\/\/www.dalessi.nl\/wp-content\/smush-webp\/2024\/04\/Dalessi-Transport-Trailers_parked-20230622-_DSC7150-768x512.jpg.webp 768w, https:\/\/www.dalessi.nl\/wp-content\/smush-webp\/2024\/04\/Dalessi-Transport-Trailers_parked-20230622-_DSC7150-1536x1024.jpg.webp 1536w, https:\/\/www.dalessi.nl\/wp-content\/smush-webp\/2024\/04\/Dalessi-Transport-Trailers_parked-20230622-_DSC7150-2048x1365.jpg.webp 2048w\" sizes=\"auto, (max-width: 1920px) 100vw, 1920px\" \/>\n      \n      <img decoding=\"async\" src=\"https:\/\/www.dalessi.nl\/wp-content\/themes\/dalessi\/assets\/img\/wave.svg\" loading=\"lazy\" class=\"absolute hidden md:block top-8 left-0 -translate-x-1\/2 img-fluid\">\n      <img decoding=\"async\" src=\"https:\/\/www.dalessi.nl\/wp-content\/themes\/dalessi\/assets\/img\/wave.svg\" loading=\"lazy\" class=\"absolute hidden md:block top-24 left-0 translate-x-1\/4 img-fluid\">\n   <\/div>\n\n   <div class=\"container flex\">\n      <div class=\"md:w-1\/2 p-section-md md:pr-12 xl:pr-24\">\n         <div class=\"p-8 -mt-20 rounded-md bg-brand-neutral-grey-light inner-blocks md:mt-0 md:rounded-none md:bg-transparent md:p-0\">\n            <div class=\"acf-innerblocks-container\">\n\n<h2 class=\"wp-block-heading\">XL-Auflieger: Maximale Ladungabmessungen<\/h2>\n\n\n\n<p>L: 13,62\u00a0m<br\/>B: 2,42\u00a0m<br\/>H: 2,67\u00a0m (seitliche Beladung: 2,59\u00a0m; Heckbeladung: 2,65\u00a0m; Dachbeladung: 2,67\u00a0m)<\/p>\n\n\n\n<p>All unsere Auflieger werden nach einem hohen Standard gewartet und sind T\u00dcV-zertifiziert \u2013 die strenge deutsche Frachtzertifizierung f\u00fcr Sicherheit und Nachhaltigkeit. Wir haben Wartungs- und Instandhaltungsvertr\u00e4ge f\u00fcr regelm\u00e4\u00dfige Pr\u00fcfungen abgeschlossen, um Zuverl\u00e4ssigkeit, Sicherheit und ein hohes Ma\u00df an Schutz der Fracht zu gew\u00e4hrleisten.<\/p>\n\n<\/div>         <\/div>\n      <\/div>\n   <\/div>\n<\/section>\n<section id=\"block-section-block_6af148aab94b737d2d2535052214801d\" class=\"block-section dalessi-block p-section-md alignfull wp-block-acf-section\">\n   <div class=\"container\">\n      <div class=\"inner-blocks\">\n         <div class=\"acf-innerblocks-container\">\n\n<h2 class=\"wp-block-heading\">Euro-6-zertifizierte Lkw f\u00fcr den Transport<\/h2>\n\n\n\n<p>Wir k\u00f6nnen in den Niederlanden, Belgien und dem Vereinigten K\u00f6nigreich bis zu 27,5\u00a0Tonnen und in Deutschland bis zu 25\u00a0Tonnen laden.<\/p>\n\n\n\n<p>Euro 6 ist die neueste Abgasnorm der Europ\u00e4ischen Kommission f\u00fcr Spezialfahrzeuge. Diese sorgt daf\u00fcr, dass Ihre Fracht so umweltfreundlich wie m\u00f6glich von A nach B kommt.<\/p>\n\n<\/div>      <\/div>\n   <\/div>\n<\/section>\n<section id=\"block-cta-block_a607a499072c6e10c6385bc906719077\" class=\"block-cta dalessi-block call-to-action p-section-md bg-brand-neutral-blue-medium alignfull wp-block-acf-cta\">\n   <div class=\"container flex flex-col items-center gap-x-24 gap-y-4 md:flex-row\">\n      <div class=\"w-1\/3 md:w-1\/4\">\n         <img loading=\"lazy\" decoding=\"async\" width=\"1\" height=\"1\" src=\"https:\/\/www.dalessi.nl\/wp-content\/uploads\/2024\/04\/Dalessi-Betrouwbaar-black.svg\" class=\"object-cover w-full h-full img-fluid\" alt=\"\" data-no-image-dimensions=\"1\" \/>      <\/div>\n      <div class=\"flex flex-col gap-4 md:w-3\/4\">\n         <div class=\"text-center inner-blocks md:text-left\">\n            <div class=\"acf-innerblocks-container\">\n\n<h2 class=\"wp-block-heading\">M\u00f6chten Sie mehr \u00fcber unsere Dienstleistungen erfahren?<\/h2>\n\n\n\n<div class=\"wp-block-buttons is-layout-flex wp-block-buttons-is-layout-flex\">\n<div class=\"wp-block-button\"><a class=\"wp-block-button__link wp-element-button\" href=\"https:\/\/www.dalessi.nl\/dienstleistungen\/\">Zu unseren Dienstleistungen<\/a><\/div>\n<\/div>\n\n<\/div>         <\/div>\n      <\/div>\n   <\/div>\n<\/section>","protected":false},"excerpt":{"rendered":"","protected":false},"author":1,"featured_media":1206,"parent":0,"menu_order":0,"comment_status":"closed","ping_status":"closed","template":"","meta":{"_acf_changed":false,"footnotes":""},"class_list":["post-1223","page","type-page","status-publish","has-post-thumbnail","hentry"],"acf":[],"yoast_head":"<!-- This site is optimized with the Yoast SEO plugin v27.5 - https:\/\/yoast.com\/product\/yoast-seo-wordpress\/ -->\n<title>Ausstattung - Dalessi<\/title>\n<meta name=\"robots\" content=\"index, follow, max-snippet:-1, max-image-preview:large, max-video-preview:-1\" \/>\n<link rel=\"canonical\" href=\"https:\/\/www.dalessi.nl\/de\/ausstattung\/\" \/>\n<meta property=\"og:locale\" content=\"de_DE\" \/>\n<meta property=\"og:type\" content=\"article\" \/>\n<meta property=\"og:title\" content=\"Ausstattung - Dalessi\" \/>\n<meta property=\"og:url\" content=\"https:\/\/www.dalessi.nl\/de\/ausstattung\/\" \/>\n<meta property=\"og:site_name\" content=\"Dalessi\" \/>\n<meta property=\"article:modified_time\" content=\"2024-04-08T13:32:48+00:00\" \/>\n<meta property=\"og:image\" content=\"https:\/\/www.dalessi.nl\/wp-content\/uploads\/2024\/04\/Dalessi-Equipment-20230606-DJI_0503-scaled.jpg\" \/>\n\t<meta property=\"og:image:width\" content=\"2560\" \/>\n\t<meta property=\"og:image:height\" content=\"1920\" \/>\n\t<meta property=\"og:image:type\" content=\"image\/jpeg\" \/>\n<meta name=\"twitter:card\" content=\"summary_large_image\" \/>\n<meta name=\"twitter:label1\" content=\"Gesch\u00e4tzte Lesezeit\" \/>\n\t<meta name=\"twitter:data1\" content=\"1\u00a0Minute\" \/>\n<script type=\"application\/ld+json\" class=\"yoast-schema-graph\">{\"@context\":\"https:\\\/\\\/schema.org\",\"@graph\":[{\"@type\":\"WebPage\",\"@id\":\"https:\\\/\\\/www.dalessi.nl\\\/de\\\/ausstattung\\\/\",\"url\":\"https:\\\/\\\/www.dalessi.nl\\\/de\\\/ausstattung\\\/\",\"name\":\"Ausstattung - Dalessi\",\"isPartOf\":{\"@id\":\"https:\\\/\\\/www.dalessi.nl\\\/de\\\/#website\"},\"primaryImageOfPage\":{\"@id\":\"https:\\\/\\\/www.dalessi.nl\\\/de\\\/ausstattung\\\/#primaryimage\"},\"image\":{\"@id\":\"https:\\\/\\\/www.dalessi.nl\\\/de\\\/ausstattung\\\/#primaryimage\"},\"thumbnailUrl\":\"https:\\\/\\\/www.dalessi.nl\\\/wp-content\\\/uploads\\\/2024\\\/04\\\/Dalessi-Equipment-20230606-DJI_0503-scaled.jpg\",\"datePublished\":\"2023-05-05T09:20:29+00:00\",\"dateModified\":\"2024-04-08T13:32:48+00:00\",\"breadcrumb\":{\"@id\":\"https:\\\/\\\/www.dalessi.nl\\\/de\\\/ausstattung\\\/#breadcrumb\"},\"inLanguage\":\"de\",\"potentialAction\":[{\"@type\":\"ReadAction\",\"target\":[\"https:\\\/\\\/www.dalessi.nl\\\/de\\\/ausstattung\\\/\"]}]},{\"@type\":\"ImageObject\",\"inLanguage\":\"de\",\"@id\":\"https:\\\/\\\/www.dalessi.nl\\\/de\\\/ausstattung\\\/#primaryimage\",\"url\":\"https:\\\/\\\/www.dalessi.nl\\\/wp-content\\\/uploads\\\/2024\\\/04\\\/Dalessi-Equipment-20230606-DJI_0503-scaled.jpg\",\"contentUrl\":\"https:\\\/\\\/www.dalessi.nl\\\/wp-content\\\/uploads\\\/2024\\\/04\\\/Dalessi-Equipment-20230606-DJI_0503-scaled.jpg\",\"width\":2560,\"height\":1920},{\"@type\":\"BreadcrumbList\",\"@id\":\"https:\\\/\\\/www.dalessi.nl\\\/de\\\/ausstattung\\\/#breadcrumb\",\"itemListElement\":[{\"@type\":\"ListItem\",\"position\":1,\"name\":\"\",\"item\":\"https:\\\/\\\/www.dalessi.nl\\\/de\\\/\"},{\"@type\":\"ListItem\",\"position\":2,\"name\":\"Ausstattung\"}]},{\"@type\":\"WebSite\",\"@id\":\"https:\\\/\\\/www.dalessi.nl\\\/de\\\/#website\",\"url\":\"https:\\\/\\\/www.dalessi.nl\\\/de\\\/\",\"name\":\"Dalessi\",\"description\":\"Ferry very good!\",\"potentialAction\":[{\"@type\":\"SearchAction\",\"target\":{\"@type\":\"EntryPoint\",\"urlTemplate\":\"https:\\\/\\\/www.dalessi.nl\\\/de\\\/?s={search_term_string}\"},\"query-input\":{\"@type\":\"PropertyValueSpecification\",\"valueRequired\":true,\"valueName\":\"search_term_string\"}}],\"inLanguage\":\"de\"}]}<\/script>\n<!-- \/ Yoast SEO plugin. -->","yoast_head_json":{"title":"Ausstattung - Dalessi","robots":{"index":"index","follow":"follow","max-snippet":"max-snippet:-1","max-image-preview":"max-image-preview:large","max-video-preview":"max-video-preview:-1"},"canonical":"https:\/\/www.dalessi.nl\/de\/ausstattung\/","og_locale":"de_DE","og_type":"article","og_title":"Ausstattung - Dalessi","og_url":"https:\/\/www.dalessi.nl\/de\/ausstattung\/","og_site_name":"Dalessi","article_modified_time":"2024-04-08T13:32:48+00:00","og_image":[{"width":2560,"height":1920,"url":"https:\/\/www.dalessi.nl\/wp-content\/uploads\/2024\/04\/Dalessi-Equipment-20230606-DJI_0503-scaled.jpg","type":"image\/jpeg"}],"twitter_card":"summary_large_image","twitter_misc":{"Gesch\u00e4tzte Lesezeit":"1\u00a0Minute"},"schema":{"@context":"https:\/\/schema.org","@graph":[{"@type":"WebPage","@id":"https:\/\/www.dalessi.nl\/de\/ausstattung\/","url":"https:\/\/www.dalessi.nl\/de\/ausstattung\/","name":"Ausstattung - Dalessi","isPartOf":{"@id":"https:\/\/www.dalessi.nl\/de\/#website"},"primaryImageOfPage":{"@id":"https:\/\/www.dalessi.nl\/de\/ausstattung\/#primaryimage"},"image":{"@id":"https:\/\/www.dalessi.nl\/de\/ausstattung\/#primaryimage"},"thumbnailUrl":"https:\/\/www.dalessi.nl\/wp-content\/uploads\/2024\/04\/Dalessi-Equipment-20230606-DJI_0503-scaled.jpg","datePublished":"2023-05-05T09:20:29+00:00","dateModified":"2024-04-08T13:32:48+00:00","breadcrumb":{"@id":"https:\/\/www.dalessi.nl\/de\/ausstattung\/#breadcrumb"},"inLanguage":"de","potentialAction":[{"@type":"ReadAction","target":["https:\/\/www.dalessi.nl\/de\/ausstattung\/"]}]},{"@type":"ImageObject","inLanguage":"de","@id":"https:\/\/www.dalessi.nl\/de\/ausstattung\/#primaryimage","url":"https:\/\/www.dalessi.nl\/wp-content\/uploads\/2024\/04\/Dalessi-Equipment-20230606-DJI_0503-scaled.jpg","contentUrl":"https:\/\/www.dalessi.nl\/wp-content\/uploads\/2024\/04\/Dalessi-Equipment-20230606-DJI_0503-scaled.jpg","width":2560,"height":1920},{"@type":"BreadcrumbList","@id":"https:\/\/www.dalessi.nl\/de\/ausstattung\/#breadcrumb","itemListElement":[{"@type":"ListItem","position":1,"name":"","item":"https:\/\/www.dalessi.nl\/de\/"},{"@type":"ListItem","position":2,"name":"Ausstattung"}]},{"@type":"WebSite","@id":"https:\/\/www.dalessi.nl\/de\/#website","url":"https:\/\/www.dalessi.nl\/de\/","name":"Dalessi","description":"Ferry very good!","potentialAction":[{"@type":"SearchAction","target":{"@type":"EntryPoint","urlTemplate":"https:\/\/www.dalessi.nl\/de\/?s={search_term_string}"},"query-input":{"@type":"PropertyValueSpecification","valueRequired":true,"valueName":"search_term_string"}}],"inLanguage":"de"}]}},"_links":{"self":[{"href":"https:\/\/www.dalessi.nl\/de\/wp-json\/wp\/v2\/pages\/1223","targetHints":{"allow":["GET"]}}],"collection":[{"href":"https:\/\/www.dalessi.nl\/de\/wp-json\/wp\/v2\/pages"}],"about":[{"href":"https:\/\/www.dalessi.nl\/de\/wp-json\/wp\/v2\/types\/page"}],"author":[{"embeddable":true,"href":"https:\/\/www.dalessi.nl\/de\/wp-json\/wp\/v2\/users\/1"}],"replies":[{"embeddable":true,"href":"https:\/\/www.dalessi.nl\/de\/wp-json\/wp\/v2\/comments?post=1223"}],"version-history":[{"count":9,"href":"https:\/\/www.dalessi.nl\/de\/wp-json\/wp\/v2\/pages\/1223\/revisions"}],"predecessor-version":[{"id":1473,"href":"https:\/\/www.dalessi.nl\/de\/wp-json\/wp\/v2\/pages\/1223\/revisions\/1473"}],"wp:featuredmedia":[{"embeddable":true,"href":"https:\/\/www.dalessi.nl\/de\/wp-json\/wp\/v2\/media\/1206"}],"wp:attachment":[{"href":"https:\/\/www.dalessi.nl\/de\/wp-json\/wp\/v2\/media?parent=1223"}],"curies":[{"name":"wp","href":"https:\/\/api.w.org\/{rel}","templated":true}]}}